{"id":1834,"date":"2016-04-08T17:17:34","date_gmt":"2016-04-08T20:17:34","guid":{"rendered":"http:\/\/goeasyberlin.de\/en\/about-us\/privacidade\/"},"modified":"2016-05-21T21:09:10","modified_gmt":"2016-05-22T00:09:10","slug":"privacy","status":"publish","type":"page","link":"https:\/\/goeasyberlin.de\/en\/about-us\/privacy\/","title":{"rendered":"Privacy"},"content":{"rendered":"<div style=\"border-top: 2px solid #515151; width: 100px; height: 0;\"><\/div>\n<h1 class=\"nome_pagina\" style=\"text-align: justify;\">Privacidade<\/h1>\n<p style=\"text-align: justify;\">Go Easy Berlin reconhece que a sua confian\u00e7a para n\u00f3s \u00e9 essencial para um relacionamento bem-sucedido. Proteger sua privacidade \u00e9 uma responsabilidade que levamos muito a s\u00e9rio. Esta Pol\u00edtica de Privacidade ir\u00e1 ajudar a compreender como Go Easy Berlin coleta, usa e protege as informa\u00e7\u00f5es pessoais que voc\u00ea fornecer para n\u00f3s em nosso site. Go Easy Berlin reserva-se o direito de alterar esta Pol\u00edtica de Privacidade a qualquer momento.<\/p>\n<p style=\"text-align: justify;\"><strong>Informa\u00e7\u00f5es que coletamos<\/strong><\/p>\n<p style=\"text-align: justify;\">Quando voc\u00ea visita Go Easy Berlin, o seu endere\u00e7o de IP \u00e9 coletado. A fim de adquirir nossos produtos ou servi\u00e7os, \u00e9 necess\u00e1rio para voc\u00ea compartilhar algumas informa\u00e7\u00f5es pessoais, por exemplo, Seu nome, endere\u00e7o, endere\u00e7o de e-mail e detalhes de cart\u00e3o de cr\u00e9dito. Todas as transa\u00e7\u00f5es de cart\u00e3o de cr\u00e9dito em Go Easy Berlin.de s\u00e3o verificados e salvaguardada em todos os momentos. Todas as informa\u00e7\u00f5es do cart\u00e3o de cr\u00e9dito s\u00e3o criptografados, tornando o processo de compra seguro.<\/p>\n<p style=\"text-align: justify;\"><strong>Go Easy Berlin usa essa informa\u00e7\u00e3o para:<\/strong><\/p>\n<ul style=\"text-align: justify;\">\n<li>Para confirmar suas reservas \/ compras<\/li>\n<li>Para garantir que voc\u00ea est\u00e1 corretamente faturado<\/li>\n<li>Para dar-lhe as informa\u00e7\u00f5es solicitadas sobre os nossos servi\u00e7os \/ produtos<\/li>\n<li>Para contat\u00e1-lo se necess\u00e1rio<\/li>\n<li>Para medir e controlar detalhes demogr\u00e1ficos sobre nossos clientes<\/li>\n<li>Para direcionar o conte\u00fado adequado para mensagens de e-mail marketing para melhor atender aos seus interesses<\/li>\n<\/ul>\n<p style=\"text-align: justify;\">Go Easy Berlin n\u00e3o compartilha essas informa\u00e7\u00f5es com terceiros, exceto quando respondendo a defender reclama\u00e7\u00f5es legais, ou quando poss\u00edvel fraude e \/ ou outras atividades ilegais s\u00e3o suspeitos.<\/p>\n<p style=\"text-align: justify;\"><strong>Todos os direitos reservados<\/strong><\/p>\n<p style=\"text-align: justify;\">Todas as informa\u00e7\u00f5es, direitos de propriedade intelectual em todos os textos, sons, imagens, software e todos os outros materiais encontrados e usados em Go Easy Berlin.de s\u00e3o de propriedade da Go Easy Berlin. Nenhuma licen\u00e7a ou direito \u00e9 concedido para o uso ou reprodu\u00e7\u00e3o de qualquer parte deste site, de qualquer maneira. Voc\u00ea n\u00e3o pode navegar no site, utiliza\u00e7\u00e3o e \/ ou reproduzir o seu conte\u00fado para fins comerciais ou qualquer outro, em seguida, o seu prop\u00f3sito pessoal.<\/p>\n<hr class=\"no_line\" style=\"margin: 0 auto 40px auto\"\/>\n\n","protected":false},"excerpt":{"rendered":"<p>Privacidade Go Easy Berlin reconhece que a sua confian\u00e7a para n\u00f3s \u00e9 essencial para um relacionamento bem-sucedido. Proteger sua privacidade \u00e9 uma<span class=\"excerpt-hellip\"> [\u2026]<\/span><\/p>\n","protected":false},"author":1,"featured_media":0,"parent":1825,"menu_order":0,"comment_status":"closed","ping_status":"closed","template":"","meta":{"_exactmetrics_skip_tracking":false,"_exactmetrics_sitenote_active":false,"_exactmetrics_sitenote_note":"","_exactmetrics_sitenote_category":0,"footnotes":"","_links_to":"","_links_to_target":""},"class_list":["post-1834","page","type-page","status-publish","hentry"],"acf":[],"yoast_head":"<!-- This site is optimized with the Yoast SEO plugin v26.6 - https:\/\/yoast.com\/wordpress\/plugins\/seo\/ -->\n<title>Privacy | Go Easy Berlin<\/title>\n<meta name=\"description\" content=\"Privacidade Go Easy Berlin reconhece que a sua confian\u00e7a para n\u00f3s \u00e9 essencial para um relacionamento bem-sucedido. Proteger sua privacidade \u00e9 uma\" \/>\n<meta name=\"robots\" content=\"index, follow, max-snippet:-1, max-image-preview:large, max-video-preview:-1\" \/>\n<link rel=\"canonical\" href=\"https:\/\/goeasyberlin.de\/en\/about-us\/privacy\/\" \/>\n<meta property=\"og:locale\" content=\"en_US\" \/>\n<meta property=\"og:type\" content=\"article\" \/>\n<meta property=\"og:title\" content=\"Privacy | Go Easy Berlin\" \/>\n<meta property=\"og:description\" content=\"Privacidade Go Easy Berlin reconhece que a sua confian\u00e7a para n\u00f3s \u00e9 essencial para um relacionamento bem-sucedido. Proteger sua privacidade \u00e9 uma\" \/>\n<meta property=\"og:url\" content=\"https:\/\/goeasyberlin.de\/en\/about-us\/privacy\/\" \/>\n<meta property=\"og:site_name\" content=\"Go Easy Berlin\" \/>\n<meta property=\"article:publisher\" content=\"https:\/\/www.facebook.com\/goeasyberlin\" \/>\n<meta property=\"article:modified_time\" content=\"2016-05-22T00:09:10+00:00\" \/>\n<meta property=\"og:image\" content=\"https:\/\/goeasyberlin.de\/wp-content\/uploads\/2016\/02\/shutterstock_309376652.jpg\" \/>\n\t<meta property=\"og:image:width\" content=\"1200\" \/>\n\t<meta property=\"og:image:height\" content=\"630\" \/>\n\t<meta property=\"og:image:type\" content=\"image\/jpeg\" \/>\n<meta name=\"twitter:card\" content=\"summary_large_image\" \/>\n<meta name=\"twitter:site\" content=\"@GoEasyBerlin\" \/>\n<meta name=\"twitter:label1\" content=\"Est. reading time\" \/>\n\t<meta name=\"twitter:data1\" content=\"2 minutes\" \/>\n<script type=\"application\/ld+json\" class=\"yoast-schema-graph\">{\"@context\":\"https:\/\/schema.org\",\"@graph\":[{\"@type\":\"WebPage\",\"@id\":\"https:\/\/goeasyberlin.de\/en\/about-us\/privacy\/\",\"url\":\"https:\/\/goeasyberlin.de\/en\/about-us\/privacy\/\",\"name\":\"Privacy | Go Easy Berlin\",\"isPartOf\":{\"@id\":\"https:\/\/goeasyberlin.de\/#website\"},\"datePublished\":\"2016-04-08T20:17:34+00:00\",\"dateModified\":\"2016-05-22T00:09:10+00:00\",\"description\":\"Privacidade Go Easy Berlin reconhece que a sua confian\u00e7a para n\u00f3s \u00e9 essencial para um relacionamento bem-sucedido. Proteger sua privacidade \u00e9 uma\",\"breadcrumb\":{\"@id\":\"https:\/\/goeasyberlin.de\/en\/about-us\/privacy\/#breadcrumb\"},\"inLanguage\":\"en-US\",\"potentialAction\":[{\"@type\":\"ReadAction\",\"target\":[\"https:\/\/goeasyberlin.de\/en\/about-us\/privacy\/\"]}]},{\"@type\":\"BreadcrumbList\",\"@id\":\"https:\/\/goeasyberlin.de\/en\/about-us\/privacy\/#breadcrumb\",\"itemListElement\":[{\"@type\":\"ListItem\",\"position\":1,\"name\":\"In\u00edcio\",\"item\":\"https:\/\/goeasyberlin.de\/en\/homepage\/\"},{\"@type\":\"ListItem\",\"position\":2,\"name\":\"About Us\",\"item\":\"https:\/\/goeasyberlin.de\/en\/about-us\/\"},{\"@type\":\"ListItem\",\"position\":3,\"name\":\"Privacy\"}]},{\"@type\":\"WebSite\",\"@id\":\"https:\/\/goeasyberlin.de\/#website\",\"url\":\"https:\/\/goeasyberlin.de\/\",\"name\":\"Go Easy Berlin\",\"description\":\"Programas de Interc\u00e2mbio &amp; Viagens\",\"publisher\":{\"@id\":\"https:\/\/goeasyberlin.de\/#organization\"},\"potentialAction\":[{\"@type\":\"SearchAction\",\"target\":{\"@type\":\"EntryPoint\",\"urlTemplate\":\"https:\/\/goeasyberlin.de\/?s={search_term_string}\"},\"query-input\":{\"@type\":\"PropertyValueSpecification\",\"valueRequired\":true,\"valueName\":\"search_term_string\"}}],\"inLanguage\":\"en-US\"},{\"@type\":\"Organization\",\"@id\":\"https:\/\/goeasyberlin.de\/#organization\",\"name\":\"Go Easy Berlin\",\"url\":\"https:\/\/goeasyberlin.de\/\",\"logo\":{\"@type\":\"ImageObject\",\"inLanguage\":\"en-US\",\"@id\":\"https:\/\/goeasyberlin.de\/#\/schema\/logo\/image\/\",\"url\":\"https:\/\/goeasyberlin.de\/wp-content\/uploads\/2016\/04\/GoEasyBerlin_Logo.png\",\"contentUrl\":\"https:\/\/goeasyberlin.de\/wp-content\/uploads\/2016\/04\/GoEasyBerlin_Logo.png\",\"width\":303,\"height\":303,\"caption\":\"Go Easy Berlin\"},\"image\":{\"@id\":\"https:\/\/goeasyberlin.de\/#\/schema\/logo\/image\/\"},\"sameAs\":[\"https:\/\/www.facebook.com\/goeasyberlin\",\"https:\/\/x.com\/GoEasyBerlin\",\"https:\/\/www.instagram.com\/goeasyberlin\",\"https:\/\/www.linkedin.com\/company\/go-easy-berlin\",\"https:\/\/www.youtube.com\/channel\/UCn6AUxbc-cE-OQ9HetzTOog\"]}]}<\/script>\n<!-- \/ Yoast SEO plugin. -->","yoast_head_json":{"title":"Privacy | Go Easy Berlin","description":"Privacidade Go Easy Berlin reconhece que a sua confian\u00e7a para n\u00f3s \u00e9 essencial para um relacionamento bem-sucedido. Proteger sua privacidade \u00e9 uma","robots":{"index":"index","follow":"follow","max-snippet":"max-snippet:-1","max-image-preview":"max-image-preview:large","max-video-preview":"max-video-preview:-1"},"canonical":"https:\/\/goeasyberlin.de\/en\/about-us\/privacy\/","og_locale":"en_US","og_type":"article","og_title":"Privacy | Go Easy Berlin","og_description":"Privacidade Go Easy Berlin reconhece que a sua confian\u00e7a para n\u00f3s \u00e9 essencial para um relacionamento bem-sucedido. Proteger sua privacidade \u00e9 uma","og_url":"https:\/\/goeasyberlin.de\/en\/about-us\/privacy\/","og_site_name":"Go Easy Berlin","article_publisher":"https:\/\/www.facebook.com\/goeasyberlin","article_modified_time":"2016-05-22T00:09:10+00:00","og_image":[{"width":1200,"height":630,"url":"https:\/\/goeasyberlin.de\/wp-content\/uploads\/2016\/02\/shutterstock_309376652.jpg","type":"image\/jpeg"}],"twitter_card":"summary_large_image","twitter_site":"@GoEasyBerlin","twitter_misc":{"Est. reading time":"2 minutes"},"schema":{"@context":"https:\/\/schema.org","@graph":[{"@type":"WebPage","@id":"https:\/\/goeasyberlin.de\/en\/about-us\/privacy\/","url":"https:\/\/goeasyberlin.de\/en\/about-us\/privacy\/","name":"Privacy | Go Easy Berlin","isPartOf":{"@id":"https:\/\/goeasyberlin.de\/#website"},"datePublished":"2016-04-08T20:17:34+00:00","dateModified":"2016-05-22T00:09:10+00:00","description":"Privacidade Go Easy Berlin reconhece que a sua confian\u00e7a para n\u00f3s \u00e9 essencial para um relacionamento bem-sucedido. Proteger sua privacidade \u00e9 uma","breadcrumb":{"@id":"https:\/\/goeasyberlin.de\/en\/about-us\/privacy\/#breadcrumb"},"inLanguage":"en-US","potentialAction":[{"@type":"ReadAction","target":["https:\/\/goeasyberlin.de\/en\/about-us\/privacy\/"]}]},{"@type":"BreadcrumbList","@id":"https:\/\/goeasyberlin.de\/en\/about-us\/privacy\/#breadcrumb","itemListElement":[{"@type":"ListItem","position":1,"name":"In\u00edcio","item":"https:\/\/goeasyberlin.de\/en\/homepage\/"},{"@type":"ListItem","position":2,"name":"About Us","item":"https:\/\/goeasyberlin.de\/en\/about-us\/"},{"@type":"ListItem","position":3,"name":"Privacy"}]},{"@type":"WebSite","@id":"https:\/\/goeasyberlin.de\/#website","url":"https:\/\/goeasyberlin.de\/","name":"Go Easy Berlin","description":"Programas de Interc\u00e2mbio &amp; Viagens","publisher":{"@id":"https:\/\/goeasyberlin.de\/#organization"},"potentialAction":[{"@type":"SearchAction","target":{"@type":"EntryPoint","urlTemplate":"https:\/\/goeasyberlin.de\/?s={search_term_string}"},"query-input":{"@type":"PropertyValueSpecification","valueRequired":true,"valueName":"search_term_string"}}],"inLanguage":"en-US"},{"@type":"Organization","@id":"https:\/\/goeasyberlin.de\/#organization","name":"Go Easy Berlin","url":"https:\/\/goeasyberlin.de\/","logo":{"@type":"ImageObject","inLanguage":"en-US","@id":"https:\/\/goeasyberlin.de\/#\/schema\/logo\/image\/","url":"https:\/\/goeasyberlin.de\/wp-content\/uploads\/2016\/04\/GoEasyBerlin_Logo.png","contentUrl":"https:\/\/goeasyberlin.de\/wp-content\/uploads\/2016\/04\/GoEasyBerlin_Logo.png","width":303,"height":303,"caption":"Go Easy Berlin"},"image":{"@id":"https:\/\/goeasyberlin.de\/#\/schema\/logo\/image\/"},"sameAs":["https:\/\/www.facebook.com\/goeasyberlin","https:\/\/x.com\/GoEasyBerlin","https:\/\/www.instagram.com\/goeasyberlin","https:\/\/www.linkedin.com\/company\/go-easy-berlin","https:\/\/www.youtube.com\/channel\/UCn6AUxbc-cE-OQ9HetzTOog"]}]}},"_links":{"self":[{"href":"https:\/\/goeasyberlin.de\/en\/wp-json\/wp\/v2\/pages\/1834","targetHints":{"allow":["GET"]}}],"collection":[{"href":"https:\/\/goeasyberlin.de\/en\/wp-json\/wp\/v2\/pages"}],"about":[{"href":"https:\/\/goeasyberlin.de\/en\/wp-json\/wp\/v2\/types\/page"}],"author":[{"embeddable":true,"href":"https:\/\/goeasyberlin.de\/en\/wp-json\/wp\/v2\/users\/1"}],"replies":[{"embeddable":true,"href":"https:\/\/goeasyberlin.de\/en\/wp-json\/wp\/v2\/comments?post=1834"}],"version-history":[{"count":0,"href":"https:\/\/goeasyberlin.de\/en\/wp-json\/wp\/v2\/pages\/1834\/revisions"}],"up":[{"embeddable":true,"href":"https:\/\/goeasyberlin.de\/en\/wp-json\/wp\/v2\/pages\/1825"}],"wp:attachment":[{"href":"https:\/\/goeasyberlin.de\/en\/wp-json\/wp\/v2\/media?parent=1834"}],"curies":[{"name":"wp","href":"https:\/\/api.w.org\/{rel}","templated":true}]}}