{"id":1829,"date":"2016-04-08T17:25:04","date_gmt":"2016-04-08T20:25:04","guid":{"rendered":"http:\/\/goeasyberlin.de\/en\/about-us\/brochuras\/"},"modified":"2016-05-21T21:07:03","modified_gmt":"2016-05-22T00:07:03","slug":"brochures","status":"publish","type":"page","link":"https:\/\/goeasyberlin.de\/en\/about-us\/brochures\/","title":{"rendered":"Brochures"},"content":{"rendered":"<div style=\"border-top: 2px solid #515151; width: 100px; height: 0;\"><\/div>\n<h1 class=\"nome_pagina\">Brochuras e Programas 2016<\/h1>\n<hr class=\"no_line\" style=\"margin: 0 auto 40px auto\"\/>\n\n<h5>Portugu\u00eas<\/h5>\n<div class=\"column one-fourth mobile-one\"><div class=\"mcb-column-inner\"><div class=\"image_frame element_classes image_item scale-with-grid no_border\"  role=\"link\" tabindex=\"0\"><div class=\"image_wrapper\"><a href=\"http:\/\/goeasyberlin.de\/wp-content\/uploads\/2016\/04\/Apresenta\u00e7\u00e3o_Go-Easy-Berlin.pdf\"  target=\"_blank\" tabindex=\"-1\"><div class=\"mask\"><\/div><img loading=\"lazy\" decoding=\"async\" class=\"scale-with-grid\" src=\"https:\/\/goeasyberlin.de\/wp-content\/uploads\/2016\/04\/presentation.jpg\" alt=\"Apresenta\u00e7\u00e3o\" title=\"\"  width=\"424\" height=\"619\" \/><\/a><div class=\"image_links \"><a href=\"http:\/\/goeasyberlin.de\/wp-content\/uploads\/2016\/04\/Apresenta\u00e7\u00e3o_Go-Easy-Berlin.pdf\" class=\"link\" target=\"_blank\" tabindex=\"-1\"><svg viewBox=\"0 0 26 26\" aria-label=\"go to link\"><defs><style>.path{fill:none;stroke:#333;stroke-miterlimit:10;stroke-width:1.5px;}<\/style><\/defs><g><path d=\"M10.17,8.76l2.12-2.12a5,5,0,0,1,7.07,0h0a5,5,0,0,1,0,7.07l-2.12,2.12\" class=\"path\"><\/path><path d=\"M15.83,17.24l-2.12,2.12a5,5,0,0,1-7.07,0h0a5,5,0,0,1,0-7.07l2.12-2.12\" class=\"path\"><\/path><line x1=\"10.17\" y1=\"15.83\" x2=\"15.83\" y2=\"10.17\" class=\"path\"><\/line><\/g><\/svg><\/a><\/div><\/div><p class=\"wp-caption-text\">Apresenta\u00e7\u00e3o da Go Easy Berlin<\/p><\/div>\n<\/div><\/div>\n\n<div class=\"column one-fourth mobile-one\"><div class=\"mcb-column-inner\"><div class=\"image_frame element_classes image_item scale-with-grid no_border\"  role=\"link\" tabindex=\"0\"><div class=\"image_wrapper\"><a href=\"http:\/\/goeasyberlin.de\/wp-content\/uploads\/2016\/04\/Corporativo_Go-Easy-Berlin.pdf\"  target=\"_blank\" tabindex=\"-1\"><div class=\"mask\"><\/div><img loading=\"lazy\" decoding=\"async\" class=\"scale-with-grid\" src=\"https:\/\/goeasyberlin.de\/wp-content\/uploads\/2016\/04\/corporativo.jpg\" alt=\"corporativo\" title=\"\"  width=\"424\" height=\"619\" \/><\/a><div class=\"image_links \"><a href=\"http:\/\/goeasyberlin.de\/wp-content\/uploads\/2016\/04\/Corporativo_Go-Easy-Berlin.pdf\" class=\"link\" target=\"_blank\" tabindex=\"-1\"><svg viewBox=\"0 0 26 26\" aria-label=\"go to link\"><defs><style>.path{fill:none;stroke:#333;stroke-miterlimit:10;stroke-width:1.5px;}<\/style><\/defs><g><path d=\"M10.17,8.76l2.12-2.12a5,5,0,0,1,7.07,0h0a5,5,0,0,1,0,7.07l-2.12,2.12\" class=\"path\"><\/path><path d=\"M15.83,17.24l-2.12,2.12a5,5,0,0,1-7.07,0h0a5,5,0,0,1,0-7.07l2.12-2.12\" class=\"path\"><\/path><line x1=\"10.17\" y1=\"15.83\" x2=\"15.83\" y2=\"10.17\" class=\"path\"><\/line><\/g><\/svg><\/a><\/div><\/div><p class=\"wp-caption-text\">Conv\u00eanios Corporativos<\/p><\/div>\n<\/div><\/div>\n\n<div class=\"column one-fourth mobile-one\"><div class=\"mcb-column-inner\"><div class=\"image_frame element_classes image_item scale-with-grid no_border\"  role=\"link\" tabindex=\"0\"><div class=\"image_wrapper\"><a href=\"http:\/\/goeasyberlin.de\/wp-content\/uploads\/2016\/04\/Programa-de-F\u00e9rias_Go-Easy-Berlin.pdf\"  target=\"_blank\" tabindex=\"-1\"><div class=\"mask\"><\/div><img loading=\"lazy\" decoding=\"async\" class=\"scale-with-grid\" src=\"https:\/\/goeasyberlin.de\/wp-content\/uploads\/2016\/04\/berlin_ferias.jpg\" alt=\"berlin_ferias\" title=\"\"  width=\"424\" height=\"619\" \/><\/a><div class=\"image_links \"><a href=\"http:\/\/goeasyberlin.de\/wp-content\/uploads\/2016\/04\/Programa-de-F\u00e9rias_Go-Easy-Berlin.pdf\" class=\"link\" target=\"_blank\" tabindex=\"-1\"><svg viewBox=\"0 0 26 26\" aria-label=\"go to link\"><defs><style>.path{fill:none;stroke:#333;stroke-miterlimit:10;stroke-width:1.5px;}<\/style><\/defs><g><path d=\"M10.17,8.76l2.12-2.12a5,5,0,0,1,7.07,0h0a5,5,0,0,1,0,7.07l-2.12,2.12\" class=\"path\"><\/path><path d=\"M15.83,17.24l-2.12,2.12a5,5,0,0,1-7.07,0h0a5,5,0,0,1,0-7.07l2.12-2.12\" class=\"path\"><\/path><line x1=\"10.17\" y1=\"15.83\" x2=\"15.83\" y2=\"10.17\" class=\"path\"><\/line><\/g><\/svg><\/a><\/div><\/div><p class=\"wp-caption-text\">Programa\u00e7\u00e3o de F\u00e9rias<\/p><\/div>\n<\/div><\/div>\n\n<hr class=\"no_line\" style=\"margin: 0 auto 1px auto\"\/>\n\n<h5>English<\/h5>\n<div class=\"column one-fourth mobile-one\"><div class=\"mcb-column-inner\"><div class=\"image_frame element_classes image_item scale-with-grid no_border\"  role=\"link\" tabindex=\"0\"><div class=\"image_wrapper\"><a href=\"http:\/\/goeasyberlin.de\/wp-content\/uploads\/2016\/04\/Presentation_Go-Easy-Berlin.pdf\"  target=\"_blank\" tabindex=\"-1\"><div class=\"mask\"><\/div><img loading=\"lazy\" decoding=\"async\" class=\"scale-with-grid\" src=\"https:\/\/goeasyberlin.de\/wp-content\/uploads\/2016\/04\/presentation.jpg\" alt=\"presentation\" title=\"\"  width=\"424\" height=\"619\" \/><\/a><div class=\"image_links \"><a href=\"http:\/\/goeasyberlin.de\/wp-content\/uploads\/2016\/04\/Presentation_Go-Easy-Berlin.pdf\" class=\"link\" target=\"_blank\" tabindex=\"-1\"><svg viewBox=\"0 0 26 26\" aria-label=\"go to link\"><defs><style>.path{fill:none;stroke:#333;stroke-miterlimit:10;stroke-width:1.5px;}<\/style><\/defs><g><path d=\"M10.17,8.76l2.12-2.12a5,5,0,0,1,7.07,0h0a5,5,0,0,1,0,7.07l-2.12,2.12\" class=\"path\"><\/path><path d=\"M15.83,17.24l-2.12,2.12a5,5,0,0,1-7.07,0h0a5,5,0,0,1,0-7.07l2.12-2.12\" class=\"path\"><\/path><line x1=\"10.17\" y1=\"15.83\" x2=\"15.83\" y2=\"10.17\" class=\"path\"><\/line><\/g><\/svg><\/a><\/div><\/div><p class=\"wp-caption-text\">Go Easy Berlin Presentation<\/p><\/div>\n<\/div><\/div>\n\n<hr class=\"no_line\" style=\"margin: 0 auto 40px auto\"\/>\n\n","protected":false},"excerpt":{"rendered":"<p>Brochuras e Programas 2016 Portugu\u00eas English<\/p>\n","protected":false},"author":1,"featured_media":0,"parent":1825,"menu_order":0,"comment_status":"closed","ping_status":"closed","template":"","meta":{"_exactmetrics_skip_tracking":false,"_exactmetrics_sitenote_active":false,"_exactmetrics_sitenote_note":"","_exactmetrics_sitenote_category":0,"footnotes":"","_links_to":"","_links_to_target":""},"class_list":["post-1829","page","type-page","status-publish","hentry"],"acf":[],"yoast_head":"<!-- This site is optimized with the Yoast SEO plugin v26.6 - https:\/\/yoast.com\/wordpress\/plugins\/seo\/ -->\n<title>Brochures | Go Easy Berlin<\/title>\n<meta name=\"description\" content=\"Brochuras e Programas 2016  Portugu\u00eas        English\" \/>\n<meta name=\"robots\" content=\"index, follow, max-snippet:-1, max-image-preview:large, max-video-preview:-1\" \/>\n<link rel=\"canonical\" href=\"https:\/\/goeasyberlin.de\/en\/about-us\/brochures\/\" \/>\n<meta property=\"og:locale\" content=\"en_US\" \/>\n<meta property=\"og:type\" content=\"article\" \/>\n<meta property=\"og:title\" content=\"Brochures | Go Easy Berlin\" \/>\n<meta property=\"og:description\" content=\"Brochuras e Programas 2016  Portugu\u00eas        English\" \/>\n<meta property=\"og:url\" content=\"https:\/\/goeasyberlin.de\/en\/about-us\/brochures\/\" \/>\n<meta property=\"og:site_name\" content=\"Go Easy Berlin\" \/>\n<meta property=\"article:publisher\" content=\"https:\/\/www.facebook.com\/goeasyberlin\" \/>\n<meta property=\"article:modified_time\" content=\"2016-05-22T00:07:03+00:00\" \/>\n<meta property=\"og:image\" content=\"https:\/\/goeasyberlin.de\/wp-content\/uploads\/2016\/02\/shutterstock_309376652.jpg\" \/>\n\t<meta property=\"og:image:width\" content=\"1200\" \/>\n\t<meta property=\"og:image:height\" content=\"630\" \/>\n\t<meta property=\"og:image:type\" content=\"image\/jpeg\" \/>\n<meta name=\"twitter:card\" content=\"summary_large_image\" \/>\n<meta name=\"twitter:site\" content=\"@GoEasyBerlin\" \/>\n<meta name=\"twitter:label1\" content=\"Est. reading time\" \/>\n\t<meta name=\"twitter:data1\" content=\"1 minute\" \/>\n<script type=\"application\/ld+json\" class=\"yoast-schema-graph\">{\"@context\":\"https:\/\/schema.org\",\"@graph\":[{\"@type\":\"WebPage\",\"@id\":\"https:\/\/goeasyberlin.de\/en\/about-us\/brochures\/\",\"url\":\"https:\/\/goeasyberlin.de\/en\/about-us\/brochures\/\",\"name\":\"Brochures | Go Easy Berlin\",\"isPartOf\":{\"@id\":\"https:\/\/goeasyberlin.de\/#website\"},\"datePublished\":\"2016-04-08T20:25:04+00:00\",\"dateModified\":\"2016-05-22T00:07:03+00:00\",\"description\":\"Brochuras e Programas 2016 Portugu\u00eas English\",\"breadcrumb\":{\"@id\":\"https:\/\/goeasyberlin.de\/en\/about-us\/brochures\/#breadcrumb\"},\"inLanguage\":\"en-US\",\"potentialAction\":[{\"@type\":\"ReadAction\",\"target\":[\"https:\/\/goeasyberlin.de\/en\/about-us\/brochures\/\"]}]},{\"@type\":\"BreadcrumbList\",\"@id\":\"https:\/\/goeasyberlin.de\/en\/about-us\/brochures\/#breadcrumb\",\"itemListElement\":[{\"@type\":\"ListItem\",\"position\":1,\"name\":\"In\u00edcio\",\"item\":\"https:\/\/goeasyberlin.de\/en\/homepage\/\"},{\"@type\":\"ListItem\",\"position\":2,\"name\":\"About Us\",\"item\":\"https:\/\/goeasyberlin.de\/en\/about-us\/\"},{\"@type\":\"ListItem\",\"position\":3,\"name\":\"Brochures\"}]},{\"@type\":\"WebSite\",\"@id\":\"https:\/\/goeasyberlin.de\/#website\",\"url\":\"https:\/\/goeasyberlin.de\/\",\"name\":\"Go Easy Berlin\",\"description\":\"Programas de Interc\u00e2mbio &amp; Viagens\",\"publisher\":{\"@id\":\"https:\/\/goeasyberlin.de\/#organization\"},\"potentialAction\":[{\"@type\":\"SearchAction\",\"target\":{\"@type\":\"EntryPoint\",\"urlTemplate\":\"https:\/\/goeasyberlin.de\/?s={search_term_string}\"},\"query-input\":{\"@type\":\"PropertyValueSpecification\",\"valueRequired\":true,\"valueName\":\"search_term_string\"}}],\"inLanguage\":\"en-US\"},{\"@type\":\"Organization\",\"@id\":\"https:\/\/goeasyberlin.de\/#organization\",\"name\":\"Go Easy Berlin\",\"url\":\"https:\/\/goeasyberlin.de\/\",\"logo\":{\"@type\":\"ImageObject\",\"inLanguage\":\"en-US\",\"@id\":\"https:\/\/goeasyberlin.de\/#\/schema\/logo\/image\/\",\"url\":\"https:\/\/goeasyberlin.de\/wp-content\/uploads\/2016\/04\/GoEasyBerlin_Logo.png\",\"contentUrl\":\"https:\/\/goeasyberlin.de\/wp-content\/uploads\/2016\/04\/GoEasyBerlin_Logo.png\",\"width\":303,\"height\":303,\"caption\":\"Go Easy Berlin\"},\"image\":{\"@id\":\"https:\/\/goeasyberlin.de\/#\/schema\/logo\/image\/\"},\"sameAs\":[\"https:\/\/www.facebook.com\/goeasyberlin\",\"https:\/\/x.com\/GoEasyBerlin\",\"https:\/\/www.instagram.com\/goeasyberlin\",\"https:\/\/www.linkedin.com\/company\/go-easy-berlin\",\"https:\/\/www.youtube.com\/channel\/UCn6AUxbc-cE-OQ9HetzTOog\"]}]}<\/script>\n<!-- \/ Yoast SEO plugin. -->","yoast_head_json":{"title":"Brochures | Go Easy Berlin","description":"Brochuras e Programas 2016  Portugu\u00eas        English","robots":{"index":"index","follow":"follow","max-snippet":"max-snippet:-1","max-image-preview":"max-image-preview:large","max-video-preview":"max-video-preview:-1"},"canonical":"https:\/\/goeasyberlin.de\/en\/about-us\/brochures\/","og_locale":"en_US","og_type":"article","og_title":"Brochures | Go Easy Berlin","og_description":"Brochuras e Programas 2016  Portugu\u00eas        English","og_url":"https:\/\/goeasyberlin.de\/en\/about-us\/brochures\/","og_site_name":"Go Easy Berlin","article_publisher":"https:\/\/www.facebook.com\/goeasyberlin","article_modified_time":"2016-05-22T00:07:03+00:00","og_image":[{"width":1200,"height":630,"url":"https:\/\/goeasyberlin.de\/wp-content\/uploads\/2016\/02\/shutterstock_309376652.jpg","type":"image\/jpeg"}],"twitter_card":"summary_large_image","twitter_site":"@GoEasyBerlin","twitter_misc":{"Est. reading time":"1 minute"},"schema":{"@context":"https:\/\/schema.org","@graph":[{"@type":"WebPage","@id":"https:\/\/goeasyberlin.de\/en\/about-us\/brochures\/","url":"https:\/\/goeasyberlin.de\/en\/about-us\/brochures\/","name":"Brochures | Go Easy Berlin","isPartOf":{"@id":"https:\/\/goeasyberlin.de\/#website"},"datePublished":"2016-04-08T20:25:04+00:00","dateModified":"2016-05-22T00:07:03+00:00","description":"Brochuras e Programas 2016 Portugu\u00eas English","breadcrumb":{"@id":"https:\/\/goeasyberlin.de\/en\/about-us\/brochures\/#breadcrumb"},"inLanguage":"en-US","potentialAction":[{"@type":"ReadAction","target":["https:\/\/goeasyberlin.de\/en\/about-us\/brochures\/"]}]},{"@type":"BreadcrumbList","@id":"https:\/\/goeasyberlin.de\/en\/about-us\/brochures\/#breadcrumb","itemListElement":[{"@type":"ListItem","position":1,"name":"In\u00edcio","item":"https:\/\/goeasyberlin.de\/en\/homepage\/"},{"@type":"ListItem","position":2,"name":"About Us","item":"https:\/\/goeasyberlin.de\/en\/about-us\/"},{"@type":"ListItem","position":3,"name":"Brochures"}]},{"@type":"WebSite","@id":"https:\/\/goeasyberlin.de\/#website","url":"https:\/\/goeasyberlin.de\/","name":"Go Easy Berlin","description":"Programas de Interc\u00e2mbio &amp; Viagens","publisher":{"@id":"https:\/\/goeasyberlin.de\/#organization"},"potentialAction":[{"@type":"SearchAction","target":{"@type":"EntryPoint","urlTemplate":"https:\/\/goeasyberlin.de\/?s={search_term_string}"},"query-input":{"@type":"PropertyValueSpecification","valueRequired":true,"valueName":"search_term_string"}}],"inLanguage":"en-US"},{"@type":"Organization","@id":"https:\/\/goeasyberlin.de\/#organization","name":"Go Easy Berlin","url":"https:\/\/goeasyberlin.de\/","logo":{"@type":"ImageObject","inLanguage":"en-US","@id":"https:\/\/goeasyberlin.de\/#\/schema\/logo\/image\/","url":"https:\/\/goeasyberlin.de\/wp-content\/uploads\/2016\/04\/GoEasyBerlin_Logo.png","contentUrl":"https:\/\/goeasyberlin.de\/wp-content\/uploads\/2016\/04\/GoEasyBerlin_Logo.png","width":303,"height":303,"caption":"Go Easy Berlin"},"image":{"@id":"https:\/\/goeasyberlin.de\/#\/schema\/logo\/image\/"},"sameAs":["https:\/\/www.facebook.com\/goeasyberlin","https:\/\/x.com\/GoEasyBerlin","https:\/\/www.instagram.com\/goeasyberlin","https:\/\/www.linkedin.com\/company\/go-easy-berlin","https:\/\/www.youtube.com\/channel\/UCn6AUxbc-cE-OQ9HetzTOog"]}]}},"_links":{"self":[{"href":"https:\/\/goeasyberlin.de\/en\/wp-json\/wp\/v2\/pages\/1829","targetHints":{"allow":["GET"]}}],"collection":[{"href":"https:\/\/goeasyberlin.de\/en\/wp-json\/wp\/v2\/pages"}],"about":[{"href":"https:\/\/goeasyberlin.de\/en\/wp-json\/wp\/v2\/types\/page"}],"author":[{"embeddable":true,"href":"https:\/\/goeasyberlin.de\/en\/wp-json\/wp\/v2\/users\/1"}],"replies":[{"embeddable":true,"href":"https:\/\/goeasyberlin.de\/en\/wp-json\/wp\/v2\/comments?post=1829"}],"version-history":[{"count":0,"href":"https:\/\/goeasyberlin.de\/en\/wp-json\/wp\/v2\/pages\/1829\/revisions"}],"up":[{"embeddable":true,"href":"https:\/\/goeasyberlin.de\/en\/wp-json\/wp\/v2\/pages\/1825"}],"wp:attachment":[{"href":"https:\/\/goeasyberlin.de\/en\/wp-json\/wp\/v2\/media?parent=1829"}],"curies":[{"name":"wp","href":"https:\/\/api.w.org\/{rel}","templated":true}]}}