{"id":1769,"date":"2016-04-21T15:32:30","date_gmt":"2016-04-21T18:32:30","guid":{"rendered":"http:\/\/goeasyberlin.de\/en\/about-berlin\/por-que-berlim\/"},"modified":"2016-09-22T13:36:08","modified_gmt":"2016-09-22T16:36:08","slug":"why-berlin","status":"publish","type":"page","link":"https:\/\/goeasyberlin.de\/en\/about-berlin\/why-berlin\/","title":{"rendered":"Why Berlin?"},"content":{"rendered":"<p style=\"text-align: justify;\">Berlim, uma cidade vibrante e incompar\u00e1vel.<\/p>\n<p style=\"text-align: justify;\">\u00c9 o local onde a ainda recente hist\u00f3ria do s\u00e9culo XX encontra-se com o dinamismo e a modernidade de uma grande metr\u00f3pole. A cidade nunca \u00e9 a mesma, sempre est\u00e1 em constante reconstru\u00e7\u00e3o: f\u00edsica, estrutural e de estilos. Punida pelas consequ\u00eancias das grandes guerras, soube se erguer novamente. A cidade de antes, por tanto tempo dividida e vivendo sob opress\u00e3o, hoje tornou-se \u00fanica, rica em hist\u00f3ria e s\u00edmbolo da liberdade.<\/p>\n<p style=\"text-align: justify;\"><img loading=\"lazy\" decoding=\"async\" class=\"alignleft wp-image-710\" src=\"http:\/\/goeasyberlin.de\/wp-content\/uploads\/2016\/04\/Berlim_02-300x200.jpg\" alt=\"Berlim_02\" width=\"369\" height=\"246\" srcset=\"https:\/\/goeasyberlin.de\/wp-content\/uploads\/2016\/04\/Berlim_02-300x200.jpg 300w, https:\/\/goeasyberlin.de\/wp-content\/uploads\/2016\/04\/Berlim_02-768x512.jpg 768w, https:\/\/goeasyberlin.de\/wp-content\/uploads\/2016\/04\/Berlim_02-1024x683.jpg 1024w, https:\/\/goeasyberlin.de\/wp-content\/uploads\/2016\/04\/Berlim_02-219x146.jpg 219w, https:\/\/goeasyberlin.de\/wp-content\/uploads\/2016\/04\/Berlim_02-50x33.jpg 50w, https:\/\/goeasyberlin.de\/wp-content\/uploads\/2016\/04\/Berlim_02-113x75.jpg 113w, https:\/\/goeasyberlin.de\/wp-content\/uploads\/2016\/04\/Berlim_02.jpg 1620w\" sizes=\"auto, (max-width: 369px) 100vw, 369px\" \/>Localizada no cora\u00e7\u00e3o da Europa, a capital do pa\u00eds mais rico do continente serve como palco para in\u00fameras atra\u00e7\u00f5es culturais, festivais e manifesta\u00e7\u00f5es art\u00edsticas. Cosmopolita e sempre aberta para um mundo de oportunidades, Berlim de fato \u00e9 o lugar para aqueles que sonham grande: Einstein, Marx e Bowie aqui viveram.<\/p>\n<p style=\"text-align: justify;\">Seus bairros, todos com caracter\u00edsticas bastante singulares, fazem de Berlim uma cidade com estilo de vida alternativo e inovador. Por vezes voc\u00ea est\u00e1 bem no centro agitado de uma cidade grande e, ao se afastar apenas um pouco em dire\u00e7\u00e3o a determinadas regi\u00f5es, tem a sensa\u00e7\u00e3o de que chegou a alguma vila de interior. Vivenciar essas diferen\u00e7as enriquecem e ajudam a entender a complexidade desse lugar t\u00e3o especial.<\/p>\n<p style=\"text-align: justify;\">Com uma grande quantidade de escolas de idiomas, oferece uma \u00f3tima oportunidade para quem precisa aprender o idioma alema\u0303o, seja para estudar em alguma das excelentes universidades alem\u00e3s, para o cotidiano e crescimento profissional, ou simplesmente para o futuro pessoal.<\/p>\n<p style=\"text-align: justify;\"><img loading=\"lazy\" decoding=\"async\" class=\"alignright wp-image-711\" src=\"http:\/\/goeasyberlin.de\/wp-content\/uploads\/2016\/04\/Berlim_03-300x169.jpg\" alt=\"Berlim_03\" width=\"499\" height=\"281\" srcset=\"https:\/\/goeasyberlin.de\/wp-content\/uploads\/2016\/04\/Berlim_03-300x169.jpg 300w, https:\/\/goeasyberlin.de\/wp-content\/uploads\/2016\/04\/Berlim_03-768x432.jpg 768w, https:\/\/goeasyberlin.de\/wp-content\/uploads\/2016\/04\/Berlim_03-260x146.jpg 260w, https:\/\/goeasyberlin.de\/wp-content\/uploads\/2016\/04\/Berlim_03-50x28.jpg 50w, https:\/\/goeasyberlin.de\/wp-content\/uploads\/2016\/04\/Berlim_03-133x75.jpg 133w, https:\/\/goeasyberlin.de\/wp-content\/uploads\/2016\/04\/Berlim_03.jpg 900w\" sizes=\"auto, (max-width: 499px) 100vw, 499px\" \/>No quesito entretenimento, o leque de op\u00e7\u00f5es \u00e9 bastante vasto. Os v\u00e1rios parques espalhados pela cidade re\u00fanem milhares de pessoas para a pr\u00e1tica de esportes, feiras culturais, piqueniques ou simplesmente aproveitar os dias ensolarados. Bons cinemas, teatros e shoppings modernos s\u00e3o \u00f3timas op\u00e7\u00f5es para os dias mais frios, sem mencionar tantas outras atra\u00e7\u00f5es tur\u00edsticas espalhadas pela cidade, como os excelentes museus, alguns dos quais com os melhores acervos da Europa. Em resumo, Berlim \u00e9 onde a juventude respira toda a arte moderna que a natureza urbana \u00e9 capaz de produzir.<\/p>\n<p style=\"text-align: justify;\">Sem d\u00favidas, a vida noturna merece destaque tamb\u00e9m. Com \u00f3timas op\u00e7\u00f5es de restaurantes, bares e clubes, a cidade contempla estabelecimentos frequentemente eleitos como os melhores do mundo, rivalizando com outras grandes metr\u00f3poles, como Londres, Paris e Nova York.<\/p>\n<p style=\"text-align: justify;\">Poder\u00edamos continuar a  elencar muitos outros bons motivos para voc\u00ea vir a Berlim, pois acreditamos que aqui \u00e9 o lugar onde as coisas acontecem. E a <strong>Go Easy Berlin<\/strong> ter\u00e1 o enorme prazer em te receber neste novo universo!<\/p>\n<p>&nbsp;<\/p>\n","protected":false},"excerpt":{"rendered":"<p>Berlim, uma cidade vibrante e incompar\u00e1vel. \u00c9 o local onde a ainda recente hist\u00f3ria do s\u00e9culo XX encontra-se com o dinamismo e<span class=\"excerpt-hellip\"> [\u2026]<\/span><\/p>\n","protected":false},"author":1,"featured_media":4630,"parent":1632,"menu_order":0,"comment_status":"closed","ping_status":"closed","template":"","meta":{"_exactmetrics_skip_tracking":false,"_exactmetrics_sitenote_active":false,"_exactmetrics_sitenote_note":"","_exactmetrics_sitenote_category":0,"footnotes":"","_links_to":"","_links_to_target":""},"class_list":["post-1769","page","type-page","status-publish","has-post-thumbnail","hentry"],"acf":[],"yoast_head":"<!-- This site is optimized with the Yoast SEO plugin v26.6 - https:\/\/yoast.com\/wordpress\/plugins\/seo\/ -->\n<title>Why Berlin? | Go Easy Berlin<\/title>\n<meta name=\"description\" content=\"Find out the reasons for exploring this fascinating and unique city! Berlin will surely win you over and do wake you up to new challenges and perceptions!\" \/>\n<meta name=\"robots\" content=\"index, follow, max-snippet:-1, max-image-preview:large, max-video-preview:-1\" \/>\n<link rel=\"canonical\" href=\"https:\/\/goeasyberlin.de\/en\/about-berlin\/why-berlin\/\" \/>\n<meta property=\"og:locale\" content=\"en_US\" \/>\n<meta property=\"og:type\" content=\"article\" \/>\n<meta property=\"og:title\" content=\"Why Berlin?\" \/>\n<meta property=\"og:description\" content=\"Find out the reasons for exploring this fascinating and unique city! Berlin will surely win you over and do wake you up to new challenges and perceptions!\" \/>\n<meta property=\"og:url\" content=\"https:\/\/goeasyberlin.de\/en\/about-berlin\/why-berlin\/\" \/>\n<meta property=\"og:site_name\" content=\"Go Easy Berlin\" \/>\n<meta property=\"article:publisher\" content=\"https:\/\/www.facebook.com\/goeasyberlin\" \/>\n<meta property=\"article:modified_time\" content=\"2016-09-22T16:36:08+00:00\" \/>\n<meta property=\"og:image\" content=\"https:\/\/goeasyberlin.de\/wp-content\/uploads\/2016\/09\/Go-Easy-Berlin_Por-que-Berlim.jpg\" \/>\n\t<meta property=\"og:image:width\" content=\"1200\" \/>\n\t<meta property=\"og:image:height\" content=\"630\" \/>\n\t<meta property=\"og:image:type\" content=\"image\/jpeg\" \/>\n<meta name=\"twitter:card\" content=\"summary_large_image\" \/>\n<meta name=\"twitter:site\" content=\"@GoEasyBerlin\" \/>\n<meta name=\"twitter:label1\" content=\"Est. reading time\" \/>\n\t<meta name=\"twitter:data1\" content=\"2 minutes\" \/>\n<script type=\"application\/ld+json\" class=\"yoast-schema-graph\">{\"@context\":\"https:\/\/schema.org\",\"@graph\":[{\"@type\":\"WebPage\",\"@id\":\"https:\/\/goeasyberlin.de\/en\/about-berlin\/why-berlin\/\",\"url\":\"https:\/\/goeasyberlin.de\/en\/about-berlin\/why-berlin\/\",\"name\":\"Why Berlin? | Go Easy Berlin\",\"isPartOf\":{\"@id\":\"https:\/\/goeasyberlin.de\/#website\"},\"primaryImageOfPage\":{\"@id\":\"https:\/\/goeasyberlin.de\/en\/about-berlin\/why-berlin\/#primaryimage\"},\"image\":{\"@id\":\"https:\/\/goeasyberlin.de\/en\/about-berlin\/why-berlin\/#primaryimage\"},\"thumbnailUrl\":\"https:\/\/goeasyberlin.de\/wp-content\/uploads\/2016\/09\/Go-Easy-Berlin.jpg\",\"datePublished\":\"2016-04-21T18:32:30+00:00\",\"dateModified\":\"2016-09-22T16:36:08+00:00\",\"description\":\"Find out the reasons for exploring this fascinating and unique city! Berlin will surely win you over and do wake you up to new challenges and perceptions!\",\"breadcrumb\":{\"@id\":\"https:\/\/goeasyberlin.de\/en\/about-berlin\/why-berlin\/#breadcrumb\"},\"inLanguage\":\"en-US\",\"potentialAction\":[{\"@type\":\"ReadAction\",\"target\":[\"https:\/\/goeasyberlin.de\/en\/about-berlin\/why-berlin\/\"]}]},{\"@type\":\"ImageObject\",\"inLanguage\":\"en-US\",\"@id\":\"https:\/\/goeasyberlin.de\/en\/about-berlin\/why-berlin\/#primaryimage\",\"url\":\"https:\/\/goeasyberlin.de\/wp-content\/uploads\/2016\/09\/Go-Easy-Berlin.jpg\",\"contentUrl\":\"https:\/\/goeasyberlin.de\/wp-content\/uploads\/2016\/09\/Go-Easy-Berlin.jpg\",\"width\":800,\"height\":600},{\"@type\":\"BreadcrumbList\",\"@id\":\"https:\/\/goeasyberlin.de\/en\/about-berlin\/why-berlin\/#breadcrumb\",\"itemListElement\":[{\"@type\":\"ListItem\",\"position\":1,\"name\":\"In\u00edcio\",\"item\":\"https:\/\/goeasyberlin.de\/en\/homepage\/\"},{\"@type\":\"ListItem\",\"position\":2,\"name\":\"About Berlin\",\"item\":\"https:\/\/goeasyberlin.de\/en\/about-berlin\/\"},{\"@type\":\"ListItem\",\"position\":3,\"name\":\"Why Berlin?\"}]},{\"@type\":\"WebSite\",\"@id\":\"https:\/\/goeasyberlin.de\/#website\",\"url\":\"https:\/\/goeasyberlin.de\/\",\"name\":\"Go Easy Berlin\",\"description\":\"Programas de Interc\u00e2mbio &amp; Viagens\",\"publisher\":{\"@id\":\"https:\/\/goeasyberlin.de\/#organization\"},\"potentialAction\":[{\"@type\":\"SearchAction\",\"target\":{\"@type\":\"EntryPoint\",\"urlTemplate\":\"https:\/\/goeasyberlin.de\/?s={search_term_string}\"},\"query-input\":{\"@type\":\"PropertyValueSpecification\",\"valueRequired\":true,\"valueName\":\"search_term_string\"}}],\"inLanguage\":\"en-US\"},{\"@type\":\"Organization\",\"@id\":\"https:\/\/goeasyberlin.de\/#organization\",\"name\":\"Go Easy Berlin\",\"url\":\"https:\/\/goeasyberlin.de\/\",\"logo\":{\"@type\":\"ImageObject\",\"inLanguage\":\"en-US\",\"@id\":\"https:\/\/goeasyberlin.de\/#\/schema\/logo\/image\/\",\"url\":\"https:\/\/goeasyberlin.de\/wp-content\/uploads\/2016\/04\/GoEasyBerlin_Logo.png\",\"contentUrl\":\"https:\/\/goeasyberlin.de\/wp-content\/uploads\/2016\/04\/GoEasyBerlin_Logo.png\",\"width\":303,\"height\":303,\"caption\":\"Go Easy Berlin\"},\"image\":{\"@id\":\"https:\/\/goeasyberlin.de\/#\/schema\/logo\/image\/\"},\"sameAs\":[\"https:\/\/www.facebook.com\/goeasyberlin\",\"https:\/\/x.com\/GoEasyBerlin\",\"https:\/\/www.instagram.com\/goeasyberlin\",\"https:\/\/www.linkedin.com\/company\/go-easy-berlin\",\"https:\/\/www.youtube.com\/channel\/UCn6AUxbc-cE-OQ9HetzTOog\"]}]}<\/script>\n<!-- \/ Yoast SEO plugin. -->","yoast_head_json":{"title":"Why Berlin? | Go Easy Berlin","description":"Find out the reasons for exploring this fascinating and unique city! Berlin will surely win you over and do wake you up to new challenges and perceptions!","robots":{"index":"index","follow":"follow","max-snippet":"max-snippet:-1","max-image-preview":"max-image-preview:large","max-video-preview":"max-video-preview:-1"},"canonical":"https:\/\/goeasyberlin.de\/en\/about-berlin\/why-berlin\/","og_locale":"en_US","og_type":"article","og_title":"Why Berlin?","og_description":"Find out the reasons for exploring this fascinating and unique city! Berlin will surely win you over and do wake you up to new challenges and perceptions!","og_url":"https:\/\/goeasyberlin.de\/en\/about-berlin\/why-berlin\/","og_site_name":"Go Easy Berlin","article_publisher":"https:\/\/www.facebook.com\/goeasyberlin","article_modified_time":"2016-09-22T16:36:08+00:00","og_image":[{"width":1200,"height":630,"url":"https:\/\/goeasyberlin.de\/wp-content\/uploads\/2016\/09\/Go-Easy-Berlin_Por-que-Berlim.jpg","type":"image\/jpeg"}],"twitter_card":"summary_large_image","twitter_site":"@GoEasyBerlin","twitter_misc":{"Est. reading time":"2 minutes"},"schema":{"@context":"https:\/\/schema.org","@graph":[{"@type":"WebPage","@id":"https:\/\/goeasyberlin.de\/en\/about-berlin\/why-berlin\/","url":"https:\/\/goeasyberlin.de\/en\/about-berlin\/why-berlin\/","name":"Why Berlin? | Go Easy Berlin","isPartOf":{"@id":"https:\/\/goeasyberlin.de\/#website"},"primaryImageOfPage":{"@id":"https:\/\/goeasyberlin.de\/en\/about-berlin\/why-berlin\/#primaryimage"},"image":{"@id":"https:\/\/goeasyberlin.de\/en\/about-berlin\/why-berlin\/#primaryimage"},"thumbnailUrl":"https:\/\/goeasyberlin.de\/wp-content\/uploads\/2016\/09\/Go-Easy-Berlin.jpg","datePublished":"2016-04-21T18:32:30+00:00","dateModified":"2016-09-22T16:36:08+00:00","description":"Find out the reasons for exploring this fascinating and unique city! Berlin will surely win you over and do wake you up to new challenges and perceptions!","breadcrumb":{"@id":"https:\/\/goeasyberlin.de\/en\/about-berlin\/why-berlin\/#breadcrumb"},"inLanguage":"en-US","potentialAction":[{"@type":"ReadAction","target":["https:\/\/goeasyberlin.de\/en\/about-berlin\/why-berlin\/"]}]},{"@type":"ImageObject","inLanguage":"en-US","@id":"https:\/\/goeasyberlin.de\/en\/about-berlin\/why-berlin\/#primaryimage","url":"https:\/\/goeasyberlin.de\/wp-content\/uploads\/2016\/09\/Go-Easy-Berlin.jpg","contentUrl":"https:\/\/goeasyberlin.de\/wp-content\/uploads\/2016\/09\/Go-Easy-Berlin.jpg","width":800,"height":600},{"@type":"BreadcrumbList","@id":"https:\/\/goeasyberlin.de\/en\/about-berlin\/why-berlin\/#breadcrumb","itemListElement":[{"@type":"ListItem","position":1,"name":"In\u00edcio","item":"https:\/\/goeasyberlin.de\/en\/homepage\/"},{"@type":"ListItem","position":2,"name":"About Berlin","item":"https:\/\/goeasyberlin.de\/en\/about-berlin\/"},{"@type":"ListItem","position":3,"name":"Why Berlin?"}]},{"@type":"WebSite","@id":"https:\/\/goeasyberlin.de\/#website","url":"https:\/\/goeasyberlin.de\/","name":"Go Easy Berlin","description":"Programas de Interc\u00e2mbio &amp; Viagens","publisher":{"@id":"https:\/\/goeasyberlin.de\/#organization"},"potentialAction":[{"@type":"SearchAction","target":{"@type":"EntryPoint","urlTemplate":"https:\/\/goeasyberlin.de\/?s={search_term_string}"},"query-input":{"@type":"PropertyValueSpecification","valueRequired":true,"valueName":"search_term_string"}}],"inLanguage":"en-US"},{"@type":"Organization","@id":"https:\/\/goeasyberlin.de\/#organization","name":"Go Easy Berlin","url":"https:\/\/goeasyberlin.de\/","logo":{"@type":"ImageObject","inLanguage":"en-US","@id":"https:\/\/goeasyberlin.de\/#\/schema\/logo\/image\/","url":"https:\/\/goeasyberlin.de\/wp-content\/uploads\/2016\/04\/GoEasyBerlin_Logo.png","contentUrl":"https:\/\/goeasyberlin.de\/wp-content\/uploads\/2016\/04\/GoEasyBerlin_Logo.png","width":303,"height":303,"caption":"Go Easy Berlin"},"image":{"@id":"https:\/\/goeasyberlin.de\/#\/schema\/logo\/image\/"},"sameAs":["https:\/\/www.facebook.com\/goeasyberlin","https:\/\/x.com\/GoEasyBerlin","https:\/\/www.instagram.com\/goeasyberlin","https:\/\/www.linkedin.com\/company\/go-easy-berlin","https:\/\/www.youtube.com\/channel\/UCn6AUxbc-cE-OQ9HetzTOog"]}]}},"_links":{"self":[{"href":"https:\/\/goeasyberlin.de\/en\/wp-json\/wp\/v2\/pages\/1769","targetHints":{"allow":["GET"]}}],"collection":[{"href":"https:\/\/goeasyberlin.de\/en\/wp-json\/wp\/v2\/pages"}],"about":[{"href":"https:\/\/goeasyberlin.de\/en\/wp-json\/wp\/v2\/types\/page"}],"author":[{"embeddable":true,"href":"https:\/\/goeasyberlin.de\/en\/wp-json\/wp\/v2\/users\/1"}],"replies":[{"embeddable":true,"href":"https:\/\/goeasyberlin.de\/en\/wp-json\/wp\/v2\/comments?post=1769"}],"version-history":[{"count":0,"href":"https:\/\/goeasyberlin.de\/en\/wp-json\/wp\/v2\/pages\/1769\/revisions"}],"up":[{"embeddable":true,"href":"https:\/\/goeasyberlin.de\/en\/wp-json\/wp\/v2\/pages\/1632"}],"wp:featuredmedia":[{"embeddable":true,"href":"https:\/\/goeasyberlin.de\/en\/wp-json\/wp\/v2\/media\/4630"}],"wp:attachment":[{"href":"https:\/\/goeasyberlin.de\/en\/wp-json\/wp\/v2\/media?parent=1769"}],"curies":[{"name":"wp","href":"https:\/\/api.w.org\/{rel}","templated":true}]}}