{"id":1758,"date":"2016-04-21T15:35:18","date_gmt":"2016-04-21T18:35:18","guid":{"rendered":"http:\/\/goeasyberlin.de\/en\/about-berlin\/informacoes-gerais\/"},"modified":"2023-04-14T06:18:42","modified_gmt":"2023-04-14T09:18:42","slug":"informacoes-gerais","status":"publish","type":"page","link":"https:\/\/goeasyberlin.de\/en\/about-berlin\/informacoes-gerais\/","title":{"rendered":"Informa\u00e7\u00f5es Gerais"},"content":{"rendered":"<p style=\"text-align: justify;\"><strong><img loading=\"lazy\" decoding=\"async\" class=\"alignleft wp-image-670\" src=\"http:\/\/goeasyberlin.de\/wp-content\/uploads\/2016\/04\/Berlim_01-169x300.jpg\" alt=\"Berlim_01\" width=\"249\" height=\"442\" srcset=\"https:\/\/goeasyberlin.de\/wp-content\/uploads\/2016\/04\/Berlim_01-169x300.jpg 169w, https:\/\/goeasyberlin.de\/wp-content\/uploads\/2016\/04\/Berlim_01-768x1365.jpg 768w, https:\/\/goeasyberlin.de\/wp-content\/uploads\/2016\/04\/Berlim_01-576x1024.jpg 576w, https:\/\/goeasyberlin.de\/wp-content\/uploads\/2016\/04\/Berlim_01-82x146.jpg 82w, https:\/\/goeasyberlin.de\/wp-content\/uploads\/2016\/04\/Berlim_01-28x50.jpg 28w, https:\/\/goeasyberlin.de\/wp-content\/uploads\/2016\/04\/Berlim_01-42x75.jpg 42w, https:\/\/goeasyberlin.de\/wp-content\/uploads\/2016\/04\/Berlim_01.jpg 675w\" sizes=\"auto, (max-width: 249px) 100vw, 249px\" \/><\/strong><\/p>\n<p style=\"text-align: justify;\"><strong>A cidade de Berlim<\/strong><\/p>\n<p style=\"text-align: justify;\">Berlim \u00e9 a capital e um dos dezesseis estados da Alemanha. Com uma popula\u00e7\u00e3o de 3,5 milh\u00f5es dentro de limites da cidade, \u00e9 a maior cidade do pa\u00eds, al\u00e9m de ser a segunda mais populosa e a s\u00e9tima \u00e1rea urbana mais povoada da Uni\u00e3o Europeia. Situada no nordeste da Alemanha, \u00e9 o centro da \u00e1rea metropolitana de Berlim-Brandemburgo, que inclui 5 milh\u00f5es de pessoas. Localizada na grande plan\u00edcie europeia, Berlim \u00e9 influenciada por um clima temperado sazonal. Cerca de um ter\u00e7o da \u00e1rea da cidade \u00e9 composta por florestas, parques, jardins, rios e lagos.<\/p>\n<p style=\"text-align: justify;\">Documentada pela primeira vez no s\u00e9culo XIII, Berlim foi sucessivamente a capital do Reino da Pr\u00fassia (1701-1918), do Imp\u00e9rio Alem\u00e3o (1871-1918), da Rep\u00fablica de Weimar (1919-1933) e do Terceiro Reich (1933-1945). Ap\u00f3s a Segunda Guerra Mundial, a cidade foi dividida: Berlim Oriental se tornou a capital da Alemanha Oriental, enquanto Berlim Ocidental se tornou um exclave da Alemanha Ocidental, cercada pelo muro de Berlim, entre os anos de 1961 e 1989, enquanto a cidade de Bonn tornou-se a capital da Alemanha Ocidental. Ap\u00f3s a reunifica\u00e7\u00e3o alem\u00e3 em 1990, a cidade recuperou o seu estatuto, como a capital da Rep\u00fablica Federal da Alemanha, sediando 147 embaixadas estrangeiras.<\/p>\n<p style=\"text-align: justify;\">Berlim \u00e9 uma cidade global e um dos mais influentes centros mundiais de cultura, pol\u00edtica, m\u00eddia e ci\u00eancia. Sua economia \u00e9 baseada principalmente no setor de servi\u00e7os, abrangendo uma variada gama de ind\u00fastrias criativas, corpora\u00e7\u00f5es de m\u00eddia e locais de conven\u00e7\u00f5es. Berlim tamb\u00e9m serve como um <em>hub<\/em> continental para o transporte a\u00e9reo e ferrovi\u00e1rio, por ser umm destino tur\u00edstico bastante popular. As ind\u00fastrias mais significativas na regi\u00e3o s\u00e3o as de TI, farmac\u00eauticas, engenharia biom\u00e9dica, biotecnologia, eletr\u00f4nica, engenharia de tr\u00e1fego e energia renov\u00e1vel.<\/p>\n<p style=\"text-align: justify;\">A cidade serve como um importante centro do transporte continental e \u00e9 a sede de algumas das mais importantes universidades, eventos esportivos, orquestras e museus da Europa. O r\u00e1pido desenvolvimento da metr\u00f3pole atraiu uma reputa\u00e7\u00e3o internacional aos seus festivais, arquitetura contempor\u00e2nea e vida nocturna sendo um grande centro tur\u00edstico e moradia para pessoas de 180 na\u00e7\u00f5es diferentes.<\/p>\n<p style=\"text-align: justify;\"><strong><img loading=\"lazy\" decoding=\"async\" class=\"alignright wp-image-271 \" src=\"http:\/\/goeasyberlin.de\/wp-content\/uploads\/2016\/04\/Bandeira-de-Berlim-300x180.png\" alt=\"Bandeira de Berlim\" width=\"169\" height=\"101\" srcset=\"https:\/\/goeasyberlin.de\/wp-content\/uploads\/2016\/04\/Bandeira-de-Berlim-300x180.png 300w, https:\/\/goeasyberlin.de\/wp-content\/uploads\/2016\/04\/Bandeira-de-Berlim-768x461.png 768w, https:\/\/goeasyberlin.de\/wp-content\/uploads\/2016\/04\/Bandeira-de-Berlim-243x146.png 243w, https:\/\/goeasyberlin.de\/wp-content\/uploads\/2016\/04\/Bandeira-de-Berlim-50x30.png 50w, https:\/\/goeasyberlin.de\/wp-content\/uploads\/2016\/04\/Bandeira-de-Berlim.png 800w, https:\/\/goeasyberlin.de\/wp-content\/uploads\/2016\/04\/Bandeira-de-Berlim-125x75.png 125w\" sizes=\"auto, (max-width: 169px) 100vw, 169px\" \/>S\u00edmbolos da cidade<br \/>\n<\/strong>A bandeira de Berlim, com as cores branca e vermelha mostra o urso de Berlim. \u00c9 gerido com pequenas mudan\u00e7as de estilo desde 1911. A rela\u00e7\u00e3o entre largura e comprimento da bandeira \u00e9 de 3:5. As duas tiras exteriores em vermelho t\u00eam um quinto da largura da bandeira, enquanto que a listra branca central tem tr\u00eas quintos da largura total. As cores vermelho e branco simbolizam a liga\u00e7\u00e3o hist\u00f3rica com o estado de Brandemburgo, cujas cores s\u00e3o as mesmas, pois at\u00e9 abril de 1881, Berlim fazia parte da ent\u00e3o prov\u00edncia de Brandemburgo.<\/p>\n<p style=\"text-align: justify;\"><img loading=\"lazy\" decoding=\"async\" class=\"alignleft wp-image-272 \" src=\"http:\/\/goeasyberlin.de\/wp-content\/uploads\/2016\/04\/Brasao-de-Berlim-183x300.png\" alt=\"Brasao de Berlim\" width=\"65\" height=\"107\">O bras\u00e3o de armas mostra um urso preto em p\u00e9, com garras e l\u00edngua vermelha. O urso tem como origem a hist\u00f3ria de Albrecht I, chamado de \u201co Urso\u201d. Ele foi um guerreiro sax\u00e3o que conquistou as terras que hoje s\u00e3o Berlim, por volta do ano 1100. Parte do povo que habitava essa regi\u00e3o era eslavo, com uma l\u00edngua bem diferente das l\u00ednguas germ\u00e2nicas. E da l\u00edngua eslava surgiu o nome Berlim,  palavra usada para denominar as terras pantanosas. Ao menos essa \u00e9 a teoria mais aceita entre os que estudam o assunto.<\/p>\n","protected":false},"excerpt":{"rendered":"<p>A cidade de Berlim Berlim \u00e9 a capital e um dos dezesseis estados da Alemanha. Com uma popula\u00e7\u00e3o de 3,5 milh\u00f5es dentro<span class=\"excerpt-hellip\"> [\u2026]<\/span><\/p>\n","protected":false},"author":1,"featured_media":0,"parent":1632,"menu_order":0,"comment_status":"closed","ping_status":"closed","template":"","meta":{"_exactmetrics_skip_tracking":false,"_exactmetrics_sitenote_active":false,"_exactmetrics_sitenote_note":"","_exactmetrics_sitenote_category":0,"footnotes":"","_links_to":"","_links_to_target":""},"class_list":["post-1758","page","type-page","status-publish","hentry"],"acf":[],"yoast_head":"<!-- This site is optimized with the Yoast SEO plugin v26.6 - https:\/\/yoast.com\/wordpress\/plugins\/seo\/ -->\n<title>Informa\u00e7\u00f5es Gerais | Go Easy Berlin<\/title>\n<meta name=\"description\" content=\"A cidade de Berlim Berlim \u00e9 a capital e um dos dezesseis estados da Alemanha. Com uma popula\u00e7\u00e3o de 3,5 milh\u00f5es dentro de limites da cidade, \u00e9 a maior\" \/>\n<meta name=\"robots\" content=\"index, follow, max-snippet:-1, max-image-preview:large, max-video-preview:-1\" \/>\n<link rel=\"canonical\" href=\"https:\/\/goeasyberlin.de\/en\/about-berlin\/informacoes-gerais\/\" \/>\n<meta property=\"og:locale\" content=\"en_US\" \/>\n<meta property=\"og:type\" content=\"article\" \/>\n<meta property=\"og:title\" content=\"Informa\u00e7\u00f5es Gerais | Go Easy Berlin\" \/>\n<meta property=\"og:description\" content=\"A cidade de Berlim Berlim \u00e9 a capital e um dos dezesseis estados da Alemanha. Com uma popula\u00e7\u00e3o de 3,5 milh\u00f5es dentro de limites da cidade, \u00e9 a maior\" \/>\n<meta property=\"og:url\" content=\"https:\/\/goeasyberlin.de\/en\/about-berlin\/informacoes-gerais\/\" \/>\n<meta property=\"og:site_name\" content=\"Go Easy Berlin\" \/>\n<meta property=\"article:publisher\" content=\"https:\/\/www.facebook.com\/goeasyberlin\" \/>\n<meta property=\"article:modified_time\" content=\"2023-04-14T09:18:42+00:00\" \/>\n<meta property=\"og:image\" content=\"http:\/\/goeasyberlin.de\/wp-content\/uploads\/2016\/04\/Berlim_01-169x300.jpg\" \/>\n<meta name=\"twitter:card\" content=\"summary_large_image\" \/>\n<meta name=\"twitter:site\" content=\"@GoEasyBerlin\" \/>\n<meta name=\"twitter:label1\" content=\"Est. reading time\" \/>\n\t<meta name=\"twitter:data1\" content=\"4 minutes\" \/>\n<script type=\"application\/ld+json\" class=\"yoast-schema-graph\">{\"@context\":\"https:\/\/schema.org\",\"@graph\":[{\"@type\":\"WebPage\",\"@id\":\"https:\/\/goeasyberlin.de\/en\/about-berlin\/informacoes-gerais\/\",\"url\":\"https:\/\/goeasyberlin.de\/en\/about-berlin\/informacoes-gerais\/\",\"name\":\"Informa\u00e7\u00f5es Gerais | Go Easy Berlin\",\"isPartOf\":{\"@id\":\"https:\/\/goeasyberlin.de\/#website\"},\"primaryImageOfPage\":{\"@id\":\"https:\/\/goeasyberlin.de\/en\/about-berlin\/informacoes-gerais\/#primaryimage\"},\"image\":{\"@id\":\"https:\/\/goeasyberlin.de\/en\/about-berlin\/informacoes-gerais\/#primaryimage\"},\"thumbnailUrl\":\"http:\/\/goeasyberlin.de\/wp-content\/uploads\/2016\/04\/Berlim_01-169x300.jpg\",\"datePublished\":\"2016-04-21T18:35:18+00:00\",\"dateModified\":\"2023-04-14T09:18:42+00:00\",\"description\":\"A cidade de Berlim Berlim \u00e9 a capital e um dos dezesseis estados da Alemanha. Com uma popula\u00e7\u00e3o de 3,5 milh\u00f5es dentro de limites da cidade, \u00e9 a maior\",\"breadcrumb\":{\"@id\":\"https:\/\/goeasyberlin.de\/en\/about-berlin\/informacoes-gerais\/#breadcrumb\"},\"inLanguage\":\"en-US\",\"potentialAction\":[{\"@type\":\"ReadAction\",\"target\":[\"https:\/\/goeasyberlin.de\/en\/about-berlin\/informacoes-gerais\/\"]}]},{\"@type\":\"ImageObject\",\"inLanguage\":\"en-US\",\"@id\":\"https:\/\/goeasyberlin.de\/en\/about-berlin\/informacoes-gerais\/#primaryimage\",\"url\":\"http:\/\/goeasyberlin.de\/wp-content\/uploads\/2016\/04\/Berlim_01-169x300.jpg\",\"contentUrl\":\"http:\/\/goeasyberlin.de\/wp-content\/uploads\/2016\/04\/Berlim_01-169x300.jpg\"},{\"@type\":\"BreadcrumbList\",\"@id\":\"https:\/\/goeasyberlin.de\/en\/about-berlin\/informacoes-gerais\/#breadcrumb\",\"itemListElement\":[{\"@type\":\"ListItem\",\"position\":1,\"name\":\"In\u00edcio\",\"item\":\"https:\/\/goeasyberlin.de\/en\/homepage\/\"},{\"@type\":\"ListItem\",\"position\":2,\"name\":\"About Berlin\",\"item\":\"https:\/\/goeasyberlin.de\/en\/about-berlin\/\"},{\"@type\":\"ListItem\",\"position\":3,\"name\":\"Informa\u00e7\u00f5es Gerais\"}]},{\"@type\":\"WebSite\",\"@id\":\"https:\/\/goeasyberlin.de\/#website\",\"url\":\"https:\/\/goeasyberlin.de\/\",\"name\":\"Go Easy Berlin\",\"description\":\"Programas de Interc\u00e2mbio &amp; Viagens\",\"publisher\":{\"@id\":\"https:\/\/goeasyberlin.de\/#organization\"},\"potentialAction\":[{\"@type\":\"SearchAction\",\"target\":{\"@type\":\"EntryPoint\",\"urlTemplate\":\"https:\/\/goeasyberlin.de\/?s={search_term_string}\"},\"query-input\":{\"@type\":\"PropertyValueSpecification\",\"valueRequired\":true,\"valueName\":\"search_term_string\"}}],\"inLanguage\":\"en-US\"},{\"@type\":\"Organization\",\"@id\":\"https:\/\/goeasyberlin.de\/#organization\",\"name\":\"Go Easy Berlin\",\"url\":\"https:\/\/goeasyberlin.de\/\",\"logo\":{\"@type\":\"ImageObject\",\"inLanguage\":\"en-US\",\"@id\":\"https:\/\/goeasyberlin.de\/#\/schema\/logo\/image\/\",\"url\":\"https:\/\/goeasyberlin.de\/wp-content\/uploads\/2016\/04\/GoEasyBerlin_Logo.png\",\"contentUrl\":\"https:\/\/goeasyberlin.de\/wp-content\/uploads\/2016\/04\/GoEasyBerlin_Logo.png\",\"width\":303,\"height\":303,\"caption\":\"Go Easy Berlin\"},\"image\":{\"@id\":\"https:\/\/goeasyberlin.de\/#\/schema\/logo\/image\/\"},\"sameAs\":[\"https:\/\/www.facebook.com\/goeasyberlin\",\"https:\/\/x.com\/GoEasyBerlin\",\"https:\/\/www.instagram.com\/goeasyberlin\",\"https:\/\/www.linkedin.com\/company\/go-easy-berlin\",\"https:\/\/www.youtube.com\/channel\/UCn6AUxbc-cE-OQ9HetzTOog\"]}]}<\/script>\n<!-- \/ Yoast SEO plugin. -->","yoast_head_json":{"title":"Informa\u00e7\u00f5es Gerais | Go Easy Berlin","description":"A cidade de Berlim Berlim \u00e9 a capital e um dos dezesseis estados da Alemanha. Com uma popula\u00e7\u00e3o de 3,5 milh\u00f5es dentro de limites da cidade, \u00e9 a maior","robots":{"index":"index","follow":"follow","max-snippet":"max-snippet:-1","max-image-preview":"max-image-preview:large","max-video-preview":"max-video-preview:-1"},"canonical":"https:\/\/goeasyberlin.de\/en\/about-berlin\/informacoes-gerais\/","og_locale":"en_US","og_type":"article","og_title":"Informa\u00e7\u00f5es Gerais | Go Easy Berlin","og_description":"A cidade de Berlim Berlim \u00e9 a capital e um dos dezesseis estados da Alemanha. Com uma popula\u00e7\u00e3o de 3,5 milh\u00f5es dentro de limites da cidade, \u00e9 a maior","og_url":"https:\/\/goeasyberlin.de\/en\/about-berlin\/informacoes-gerais\/","og_site_name":"Go Easy Berlin","article_publisher":"https:\/\/www.facebook.com\/goeasyberlin","article_modified_time":"2023-04-14T09:18:42+00:00","og_image":[{"url":"http:\/\/goeasyberlin.de\/wp-content\/uploads\/2016\/04\/Berlim_01-169x300.jpg","type":"","width":"","height":""}],"twitter_card":"summary_large_image","twitter_site":"@GoEasyBerlin","twitter_misc":{"Est. reading time":"4 minutes"},"schema":{"@context":"https:\/\/schema.org","@graph":[{"@type":"WebPage","@id":"https:\/\/goeasyberlin.de\/en\/about-berlin\/informacoes-gerais\/","url":"https:\/\/goeasyberlin.de\/en\/about-berlin\/informacoes-gerais\/","name":"Informa\u00e7\u00f5es Gerais | Go Easy Berlin","isPartOf":{"@id":"https:\/\/goeasyberlin.de\/#website"},"primaryImageOfPage":{"@id":"https:\/\/goeasyberlin.de\/en\/about-berlin\/informacoes-gerais\/#primaryimage"},"image":{"@id":"https:\/\/goeasyberlin.de\/en\/about-berlin\/informacoes-gerais\/#primaryimage"},"thumbnailUrl":"http:\/\/goeasyberlin.de\/wp-content\/uploads\/2016\/04\/Berlim_01-169x300.jpg","datePublished":"2016-04-21T18:35:18+00:00","dateModified":"2023-04-14T09:18:42+00:00","description":"A cidade de Berlim Berlim \u00e9 a capital e um dos dezesseis estados da Alemanha. Com uma popula\u00e7\u00e3o de 3,5 milh\u00f5es dentro de limites da cidade, \u00e9 a maior","breadcrumb":{"@id":"https:\/\/goeasyberlin.de\/en\/about-berlin\/informacoes-gerais\/#breadcrumb"},"inLanguage":"en-US","potentialAction":[{"@type":"ReadAction","target":["https:\/\/goeasyberlin.de\/en\/about-berlin\/informacoes-gerais\/"]}]},{"@type":"ImageObject","inLanguage":"en-US","@id":"https:\/\/goeasyberlin.de\/en\/about-berlin\/informacoes-gerais\/#primaryimage","url":"http:\/\/goeasyberlin.de\/wp-content\/uploads\/2016\/04\/Berlim_01-169x300.jpg","contentUrl":"http:\/\/goeasyberlin.de\/wp-content\/uploads\/2016\/04\/Berlim_01-169x300.jpg"},{"@type":"BreadcrumbList","@id":"https:\/\/goeasyberlin.de\/en\/about-berlin\/informacoes-gerais\/#breadcrumb","itemListElement":[{"@type":"ListItem","position":1,"name":"In\u00edcio","item":"https:\/\/goeasyberlin.de\/en\/homepage\/"},{"@type":"ListItem","position":2,"name":"About Berlin","item":"https:\/\/goeasyberlin.de\/en\/about-berlin\/"},{"@type":"ListItem","position":3,"name":"Informa\u00e7\u00f5es Gerais"}]},{"@type":"WebSite","@id":"https:\/\/goeasyberlin.de\/#website","url":"https:\/\/goeasyberlin.de\/","name":"Go Easy Berlin","description":"Programas de Interc\u00e2mbio &amp; Viagens","publisher":{"@id":"https:\/\/goeasyberlin.de\/#organization"},"potentialAction":[{"@type":"SearchAction","target":{"@type":"EntryPoint","urlTemplate":"https:\/\/goeasyberlin.de\/?s={search_term_string}"},"query-input":{"@type":"PropertyValueSpecification","valueRequired":true,"valueName":"search_term_string"}}],"inLanguage":"en-US"},{"@type":"Organization","@id":"https:\/\/goeasyberlin.de\/#organization","name":"Go Easy Berlin","url":"https:\/\/goeasyberlin.de\/","logo":{"@type":"ImageObject","inLanguage":"en-US","@id":"https:\/\/goeasyberlin.de\/#\/schema\/logo\/image\/","url":"https:\/\/goeasyberlin.de\/wp-content\/uploads\/2016\/04\/GoEasyBerlin_Logo.png","contentUrl":"https:\/\/goeasyberlin.de\/wp-content\/uploads\/2016\/04\/GoEasyBerlin_Logo.png","width":303,"height":303,"caption":"Go Easy Berlin"},"image":{"@id":"https:\/\/goeasyberlin.de\/#\/schema\/logo\/image\/"},"sameAs":["https:\/\/www.facebook.com\/goeasyberlin","https:\/\/x.com\/GoEasyBerlin","https:\/\/www.instagram.com\/goeasyberlin","https:\/\/www.linkedin.com\/company\/go-easy-berlin","https:\/\/www.youtube.com\/channel\/UCn6AUxbc-cE-OQ9HetzTOog"]}]}},"_links":{"self":[{"href":"https:\/\/goeasyberlin.de\/en\/wp-json\/wp\/v2\/pages\/1758","targetHints":{"allow":["GET"]}}],"collection":[{"href":"https:\/\/goeasyberlin.de\/en\/wp-json\/wp\/v2\/pages"}],"about":[{"href":"https:\/\/goeasyberlin.de\/en\/wp-json\/wp\/v2\/types\/page"}],"author":[{"embeddable":true,"href":"https:\/\/goeasyberlin.de\/en\/wp-json\/wp\/v2\/users\/1"}],"replies":[{"embeddable":true,"href":"https:\/\/goeasyberlin.de\/en\/wp-json\/wp\/v2\/comments?post=1758"}],"version-history":[{"count":1,"href":"https:\/\/goeasyberlin.de\/en\/wp-json\/wp\/v2\/pages\/1758\/revisions"}],"predecessor-version":[{"id":9080,"href":"https:\/\/goeasyberlin.de\/en\/wp-json\/wp\/v2\/pages\/1758\/revisions\/9080"}],"up":[{"embeddable":true,"href":"https:\/\/goeasyberlin.de\/en\/wp-json\/wp\/v2\/pages\/1632"}],"wp:attachment":[{"href":"https:\/\/goeasyberlin.de\/en\/wp-json\/wp\/v2\/media?parent=1758"}],"curies":[{"name":"wp","href":"https:\/\/api.w.org\/{rel}","templated":true}]}}