{"id":1718,"date":"2016-04-21T15:42:12","date_gmt":"2016-04-21T18:42:12","guid":{"rendered":"http:\/\/goeasyberlin.de\/en\/about-berlin\/historia-da-cidade\/"},"modified":"2023-04-15T04:22:46","modified_gmt":"2023-04-15T07:22:46","slug":"historia-da-cidade","status":"publish","type":"page","link":"https:\/\/goeasyberlin.de\/en\/about-berlin\/historia-da-cidade\/","title":{"rendered":"Hist\u00f3ria da Cidade"},"content":{"rendered":"<p style=\"text-align: justify;\"><strong><img loading=\"lazy\" decoding=\"async\" class=\"wp-image-697 alignleft\" src=\"http:\/\/goeasyberlin.de\/wp-content\/uploads\/2016\/04\/historia1-300x205.jpg\" alt=\"historia1\" width=\"248\" height=\"170\">Os prim\u00f3rdios<br \/>\n<\/strong>Os primeiros registros da cidade datam no s\u00e9culo XIII, quando existiam apenas duas vilas: C\u00f6lln, na atual ilha dos museus, e Berlim, na margem esquerda do rio Spree onde hoje se situa Nikolaiviertel. A jun\u00e7\u00e3o das duas localidades em 1307 deu origem a atual capital alem\u00e3.<\/p>\n<p style=\"text-align: justify;\">Houve uma s\u00e9rie de eventos tr\u00e1gicos, como inc\u00eandios, epidemias e guerras, ap\u00f3s a oficializa\u00e7\u00e3o da resid\u00eancia do pr\u00edncipe Friedrich II na regi\u00e3o. A ascens\u00e3o da cidade ocorreu durante o reinado de Friedrich Wilhelm, no final do s\u00e9culo XVII, quando foi erguida uma fortaleza, aberto um canal ligando os rios Spree e Oder e constru\u00edda a avenida Unter den Linden.<\/p>\n<p style=\"text-align: justify;\"><hr class=\"no_line\" style=\"margin: 0 auto 30px auto\"\/>\n<\/p>\n<p style=\"text-align: justify;\"><strong><a href=\"http:\/\/goeasyberlin.de\/wp-content\/uploads\/2016\/04\/Historia_02.jpg\" target=\"_blank\" rel=\"noopener\"><img loading=\"lazy\" decoding=\"async\" class=\"alignleft wp-image-690\" src=\"http:\/\/goeasyberlin.de\/wp-content\/uploads\/2016\/04\/Historia_02-300x222.jpg\" alt=\"Historia_02\" width=\"258\" height=\"191\"><\/a>Reino da Pr\u00fassia e Unifica\u00e7\u00e3o Alem\u00e3<br \/>\n<\/strong>A coroa\u00e7\u00e3o de Friedrich I como rei da Pr\u00fassia trouxe o status de capital e resid\u00eancia oficial da realeza para Berlim. Durante este per\u00edodo foram constru\u00eddos pr\u00e9dios imponentes, com destaque para Zeughaus e o pal\u00e1cio de ver\u00e3o localizado em Charlottenburg. Durante os reinados de Friedrich Wilhelm I (O Rei Soldado) e de Friedrich II (O Grande), Berlim desenvolveu-se tamb\u00e9m como a cidade industrial mais importante da Pr\u00fassia, entre 1740 e 1786.<\/p>\n<p style=\"text-align: justify;\">Friedrich, o Grande, deu continua\u00e7\u00e3o \u00e0 constru\u00e7\u00e3o de monumentos e a novas formas arquitet\u00f4nicas junto a Knobelsdorff e ficou conhecido por suas vit\u00f3rias militares, reorganiza\u00e7\u00e3o do ex\u00e9rcito, promover as artes e o Iluminismo na Pr\u00fassia. Berlim passou a ser um dos centros do Iluminismo, com forte influ\u00eancia de Voltaire.<\/p>\n<p style=\"text-align: justify;\">No in\u00edcio do s\u00e9culo XIX, a cidade foi ocupada pelas tropas Napole\u00f4nicas. A vit\u00f3ria foi obtida na batalha de Leipzig em 1814 e como trunfo as tropas de Napole\u00e3o levaram \u00e0 Paris a Quadriga do Port\u00e3o de Brandemburgo, sendo devolvida logo ap\u00f3s o dom\u00ednio.<\/p>\n<p style=\"text-align: justify;\">A unifica\u00e7\u00e3o da Alemanha ocorreu em 1871, Wilhelm I foi coroado como imperador e Berlim tornou-se capital do Imp\u00e9rio Alem\u00e3o, j\u00e1 com mais de um milh\u00e3o de habitantes.<\/p>\n<p style=\"text-align: justify;\"><hr class=\"no_line\" style=\"margin: 0 auto 30px auto\"\/>\n<\/p>\n<p style=\"text-align: justify;\"><strong><img loading=\"lazy\" decoding=\"async\" class=\"alignleft wp-image-691\" src=\"http:\/\/goeasyberlin.de\/wp-content\/uploads\/2016\/04\/Historia_03-287x300.jpg\" alt=\"Historia_03\" width=\"256\" height=\"267\">As grandes guerras<\/strong><u><br \/>\n<\/u>O fim do imp\u00e9rio veio com a pesada derrota da primeira grande guerra em 1918 e fez com que a cidade ca\u00edsse numa crise profunda. Como consequ\u00eancia foi estabelecida a forma\u00e7\u00e3o da Rep\u00fablica Alem\u00e3 e apesar das dif\u00edceis condi\u00e7\u00f5es financeiras e dos intensos movimentos revolucion\u00e1rios, a vida cultural floresceu nos anos 20. Atrav\u00e9s de pe\u00e7as de teatro inovadoras, da inova\u00e7\u00e3o do cinema e da inesquec\u00edvel vida noturna. Berlim tornou-se o palco central dos \u201cGolden Twenties\u201d.<\/p>\n<p style=\"text-align: justify;\">No ano de 1933, Adolfo Hitler foi nomeado chanceler. Com a sua tomada do poder, iniciou-se a persegui\u00e7\u00e3o aos judeus, comunistas, homossexuais, romenos e muitos outros. Berlim passaria pelo per\u00edodo mais sombrio de sua hist\u00f3ria. Os Jogos Ol\u00edmpicos de 1936 em Berlim foram um marco para a hist\u00f3ria da cidade, \u00e9poca em que poucos faziam ideia dos planos dos nazistas num futuro breve.<\/p>\n<p style=\"text-align: justify;\">O estopim da segunda guerra mundial ocorreu em 1939. Na primeira fase da guerra, a Alemanha e seus aliados tiveram grande expans\u00e3o de dom\u00ednios, contudo, a partir de 1941, come\u00e7aram a perder for\u00e7a. Neste ano, iniciaram-se os ataques a\u00e9reos \u00e0 cidade, cuja destrui\u00e7\u00e3o levou \u00e0 perca de um ter\u00e7o das suas resid\u00eancias e de diversos dos seus monumentos hist\u00f3ricos.<\/p>\n<p style=\"text-align: justify;\"><hr class=\"no_line\" style=\"margin: 0 auto 30px auto\"\/>\n<\/p>\n<p style=\"text-align: justify;\"><strong><br \/>\n<img loading=\"lazy\" decoding=\"async\" class=\"alignleft wp-image-692\" src=\"http:\/\/goeasyberlin.de\/wp-content\/uploads\/2016\/04\/Historia_04-300x155.jpg\" alt=\"Historia_04\" width=\"325\" height=\"168\">Funda\u00e7\u00e3o da RDA e DDR<br \/>\n<\/strong>No final da grande guerra em 1945, a cidade estava sob escombros e com a popula\u00e7\u00e3o reduzida \u00e0 metade que tinha em 1939. Adicionalmente, a cidade foi dividida em quatro setores: \u00e0 Uni\u00e3o Sovi\u00e9tica correspondia o Leste, aos Estados Unidos da Am\u00e9rica o Sudoeste, \u00e0 Inglaterra o Oeste e \u00e0 Fran\u00e7a o Noroeste.<\/p>\n<p style=\"text-align: justify;\">Com a funda\u00e7\u00e3o da Rep\u00fablica Democr\u00e1tica da Alemanha, a 7 de outubro de 1949, Berlim Leste tornou-se a capital da DDR. A Rep\u00fablica Democr\u00e1tica passou a ser governada a partir da parte leste da cidade. Apesar de tudo, os habitantes de Berlim Leste podiam ent\u00e3o sem problemas, viajar para o Oeste, com o fim de l\u00e1 trabalharem.<\/p>\n<p style=\"text-align: justify;\"><hr class=\"no_line\" style=\"margin: 0 auto 50px auto\"\/>\n<\/p>\n<p style=\"text-align: justify;\"><strong><img loading=\"lazy\" decoding=\"async\" class=\"alignleft wp-image-693\" src=\"http:\/\/goeasyberlin.de\/wp-content\/uploads\/2016\/04\/Historia_05-300x204.jpg\" alt=\"Historia_05\" width=\"232\" height=\"158\"><img loading=\"lazy\" decoding=\"async\" class=\"alignleft wp-image-694\" src=\"http:\/\/goeasyberlin.de\/wp-content\/uploads\/2016\/04\/Historia_06-300x258.jpg\" alt=\"Historia_06\" width=\"184\" height=\"158\">O Muro de Berlim<br \/>\n<\/strong>A constru\u00e7\u00e3o do Muro de Berlim, terminada em agosto de 1961, consolidou o bloqueio dos tr\u00eas setores do Oeste pelos sovi\u00e9ticos. A partir de ent\u00e3o, nenhum cidad\u00e3o do Leste podia viajar para o Oeste, nem para trabalhar, nem para visitar os seus familiares. Somente ap\u00f3s a visita do presidente norte-americano John F. Kennedy no ano de 1963, foi feito um acordo para se autorizarem bilhetes de passagem para o oeste da cidade. Neste tempo a esta\u00e7\u00e3o Friedrichstra\u00dfe desempenhou um papel central, com a sua enorme sala de espera, chamada Pal\u00e1cio das L\u00e1grimas (Tr\u00e4nenpalast).<\/p>\n<p style=\"text-align: justify;\"><hr class=\"no_line\" style=\"margin: 0 auto 30px auto\"\/>\n<\/p>\n<p style=\"text-align: justify;\"><strong><img loading=\"lazy\" decoding=\"async\" class=\"alignleft wp-image-695\" src=\"http:\/\/goeasyberlin.de\/wp-content\/uploads\/2016\/04\/Historia_07-202x300.jpg\" alt=\"Historia_07\" width=\"227\" height=\"337\">A Queda do Muro e Reunifica\u00e7\u00e3o Alem\u00e3<br \/>\n<\/strong>Na noite de 9 de novembro de 1989, in\u00edcio o marco da queda do Muro de Berlim, ap\u00f3s an\u00fancio equivocado de um dos l\u00edderes do lado leste. A cidade e o pa\u00eds inteiro estavam em festa. Assim, todos os cidad\u00e3os da ent\u00e3o antiga Alemanha Democr\u00e1tica podiam se movimentar livremente.<\/p>\n<p style=\"text-align: justify;\">Com a reunifica\u00e7\u00e3o da Alemanha em 1990, Berlim voltou a ser a capital do pa\u00eds. A cidade \u00e9 a nova sede do governo federal alem\u00e3o desde 1999 e, com isso, o centro da pol\u00edtica do pa\u00eds.<\/p>\n<p style=\"text-align: justify;\"><hr class=\"no_line\" style=\"margin: 0 auto 30px auto\"\/>\n<\/p>\n<p style=\"text-align: justify;\"><strong><img loading=\"lazy\" decoding=\"async\" class=\"alignleft size-medium wp-image-696\" src=\"http:\/\/goeasyberlin.de\/wp-content\/uploads\/2016\/04\/Historia_08-300x214.jpg\" alt=\"Historia_08\" width=\"300\" height=\"214\">A Berlim atual<br \/>\n<\/strong>O Parlamento Alem\u00e3o re\u00fane os congressos no emblem\u00e1tico \u201cReichstag\u201d, que foi restaurado por Sir Norman Foster. A sua c\u00fapula de vidro tornou-se atra\u00e7\u00e3o para os berlinenses e para os turistas de todo o mundo. O Sony Center foi aberto para realiza\u00e7\u00e3o do renomado festival de cinema \u201cBerlinale\u201d e completou assim, o absolutamente novo centro da cidade, na moderna Potsdamer Platz.<\/p>\n<p style=\"text-align: justify;\">Berlim \u00e9 uma cidade que se reinventa e n\u00e3o p\u00e1ra no tempo. Sempre em constante evolu\u00e7\u00e3o, \u00e9 sem d\u00favida o lugar que mudar\u00e1 a sua hist\u00f3ria tamb\u00e9m!<\/p>\n","protected":false},"excerpt":{"rendered":"<p>Os prim\u00f3rdios Os primeiros registros da cidade datam no s\u00e9culo XIII, quando existiam apenas duas vilas: C\u00f6lln, na atual ilha dos museus,<span class=\"excerpt-hellip\"> [\u2026]<\/span><\/p>\n","protected":false},"author":1,"featured_media":0,"parent":1632,"menu_order":0,"comment_status":"closed","ping_status":"closed","template":"","meta":{"_exactmetrics_skip_tracking":false,"_exactmetrics_sitenote_active":false,"_exactmetrics_sitenote_note":"","_exactmetrics_sitenote_category":0,"footnotes":"","_links_to":"","_links_to_target":""},"class_list":["post-1718","page","type-page","status-publish","hentry"],"acf":[],"yoast_head":"<!-- This site is optimized with the Yoast SEO plugin v26.6 - https:\/\/yoast.com\/wordpress\/plugins\/seo\/ -->\n<title>Hist\u00f3ria da Cidade | Go Easy Berlin<\/title>\n<meta name=\"description\" content=\"Os prim\u00f3rdios Os primeiros registros da cidade datam no s\u00e9culo XIII, quando existiam apenas duas vilas: C\u00f6lln, na atual ilha dos museus, e Berlim, na\" \/>\n<meta name=\"robots\" content=\"index, follow, max-snippet:-1, max-image-preview:large, max-video-preview:-1\" \/>\n<link rel=\"canonical\" href=\"https:\/\/goeasyberlin.de\/en\/about-berlin\/historia-da-cidade\/\" \/>\n<meta property=\"og:locale\" content=\"en_US\" \/>\n<meta property=\"og:type\" content=\"article\" \/>\n<meta property=\"og:title\" content=\"Hist\u00f3ria da Cidade | Go Easy Berlin\" \/>\n<meta property=\"og:description\" content=\"Os prim\u00f3rdios Os primeiros registros da cidade datam no s\u00e9culo XIII, quando existiam apenas duas vilas: C\u00f6lln, na atual ilha dos museus, e Berlim, na\" \/>\n<meta property=\"og:url\" content=\"https:\/\/goeasyberlin.de\/en\/about-berlin\/historia-da-cidade\/\" \/>\n<meta property=\"og:site_name\" content=\"Go Easy Berlin\" \/>\n<meta property=\"article:publisher\" content=\"https:\/\/www.facebook.com\/goeasyberlin\" \/>\n<meta property=\"article:modified_time\" content=\"2023-04-15T07:22:46+00:00\" \/>\n<meta property=\"og:image\" content=\"http:\/\/goeasyberlin.de\/wp-content\/uploads\/2016\/04\/historia1-300x205.jpg\" \/>\n<meta name=\"twitter:card\" content=\"summary_large_image\" \/>\n<meta name=\"twitter:site\" content=\"@GoEasyBerlin\" \/>\n<meta name=\"twitter:label1\" content=\"Est. reading time\" \/>\n\t<meta name=\"twitter:data1\" content=\"7 minutes\" \/>\n<script type=\"application\/ld+json\" class=\"yoast-schema-graph\">{\"@context\":\"https:\/\/schema.org\",\"@graph\":[{\"@type\":\"WebPage\",\"@id\":\"https:\/\/goeasyberlin.de\/en\/about-berlin\/historia-da-cidade\/\",\"url\":\"https:\/\/goeasyberlin.de\/en\/about-berlin\/historia-da-cidade\/\",\"name\":\"Hist\u00f3ria da Cidade | Go Easy Berlin\",\"isPartOf\":{\"@id\":\"https:\/\/goeasyberlin.de\/#website\"},\"primaryImageOfPage\":{\"@id\":\"https:\/\/goeasyberlin.de\/en\/about-berlin\/historia-da-cidade\/#primaryimage\"},\"image\":{\"@id\":\"https:\/\/goeasyberlin.de\/en\/about-berlin\/historia-da-cidade\/#primaryimage\"},\"thumbnailUrl\":\"http:\/\/goeasyberlin.de\/wp-content\/uploads\/2016\/04\/historia1-300x205.jpg\",\"datePublished\":\"2016-04-21T18:42:12+00:00\",\"dateModified\":\"2023-04-15T07:22:46+00:00\",\"description\":\"Os prim\u00f3rdios Os primeiros registros da cidade datam no s\u00e9culo XIII, quando existiam apenas duas vilas: C\u00f6lln, na atual ilha dos museus, e Berlim, na\",\"breadcrumb\":{\"@id\":\"https:\/\/goeasyberlin.de\/en\/about-berlin\/historia-da-cidade\/#breadcrumb\"},\"inLanguage\":\"en-US\",\"potentialAction\":[{\"@type\":\"ReadAction\",\"target\":[\"https:\/\/goeasyberlin.de\/en\/about-berlin\/historia-da-cidade\/\"]}]},{\"@type\":\"ImageObject\",\"inLanguage\":\"en-US\",\"@id\":\"https:\/\/goeasyberlin.de\/en\/about-berlin\/historia-da-cidade\/#primaryimage\",\"url\":\"http:\/\/goeasyberlin.de\/wp-content\/uploads\/2016\/04\/historia1-300x205.jpg\",\"contentUrl\":\"http:\/\/goeasyberlin.de\/wp-content\/uploads\/2016\/04\/historia1-300x205.jpg\"},{\"@type\":\"BreadcrumbList\",\"@id\":\"https:\/\/goeasyberlin.de\/en\/about-berlin\/historia-da-cidade\/#breadcrumb\",\"itemListElement\":[{\"@type\":\"ListItem\",\"position\":1,\"name\":\"In\u00edcio\",\"item\":\"https:\/\/goeasyberlin.de\/en\/homepage\/\"},{\"@type\":\"ListItem\",\"position\":2,\"name\":\"About Berlin\",\"item\":\"https:\/\/goeasyberlin.de\/en\/about-berlin\/\"},{\"@type\":\"ListItem\",\"position\":3,\"name\":\"Hist\u00f3ria da Cidade\"}]},{\"@type\":\"WebSite\",\"@id\":\"https:\/\/goeasyberlin.de\/#website\",\"url\":\"https:\/\/goeasyberlin.de\/\",\"name\":\"Go Easy Berlin\",\"description\":\"Programas de Interc\u00e2mbio &amp; Viagens\",\"publisher\":{\"@id\":\"https:\/\/goeasyberlin.de\/#organization\"},\"potentialAction\":[{\"@type\":\"SearchAction\",\"target\":{\"@type\":\"EntryPoint\",\"urlTemplate\":\"https:\/\/goeasyberlin.de\/?s={search_term_string}\"},\"query-input\":{\"@type\":\"PropertyValueSpecification\",\"valueRequired\":true,\"valueName\":\"search_term_string\"}}],\"inLanguage\":\"en-US\"},{\"@type\":\"Organization\",\"@id\":\"https:\/\/goeasyberlin.de\/#organization\",\"name\":\"Go Easy Berlin\",\"url\":\"https:\/\/goeasyberlin.de\/\",\"logo\":{\"@type\":\"ImageObject\",\"inLanguage\":\"en-US\",\"@id\":\"https:\/\/goeasyberlin.de\/#\/schema\/logo\/image\/\",\"url\":\"https:\/\/goeasyberlin.de\/wp-content\/uploads\/2016\/04\/GoEasyBerlin_Logo.png\",\"contentUrl\":\"https:\/\/goeasyberlin.de\/wp-content\/uploads\/2016\/04\/GoEasyBerlin_Logo.png\",\"width\":303,\"height\":303,\"caption\":\"Go Easy Berlin\"},\"image\":{\"@id\":\"https:\/\/goeasyberlin.de\/#\/schema\/logo\/image\/\"},\"sameAs\":[\"https:\/\/www.facebook.com\/goeasyberlin\",\"https:\/\/x.com\/GoEasyBerlin\",\"https:\/\/www.instagram.com\/goeasyberlin\",\"https:\/\/www.linkedin.com\/company\/go-easy-berlin\",\"https:\/\/www.youtube.com\/channel\/UCn6AUxbc-cE-OQ9HetzTOog\"]}]}<\/script>\n<!-- \/ Yoast SEO plugin. -->","yoast_head_json":{"title":"Hist\u00f3ria da Cidade | Go Easy Berlin","description":"Os prim\u00f3rdios Os primeiros registros da cidade datam no s\u00e9culo XIII, quando existiam apenas duas vilas: C\u00f6lln, na atual ilha dos museus, e Berlim, na","robots":{"index":"index","follow":"follow","max-snippet":"max-snippet:-1","max-image-preview":"max-image-preview:large","max-video-preview":"max-video-preview:-1"},"canonical":"https:\/\/goeasyberlin.de\/en\/about-berlin\/historia-da-cidade\/","og_locale":"en_US","og_type":"article","og_title":"Hist\u00f3ria da Cidade | Go Easy Berlin","og_description":"Os prim\u00f3rdios Os primeiros registros da cidade datam no s\u00e9culo XIII, quando existiam apenas duas vilas: C\u00f6lln, na atual ilha dos museus, e Berlim, na","og_url":"https:\/\/goeasyberlin.de\/en\/about-berlin\/historia-da-cidade\/","og_site_name":"Go Easy Berlin","article_publisher":"https:\/\/www.facebook.com\/goeasyberlin","article_modified_time":"2023-04-15T07:22:46+00:00","og_image":[{"url":"http:\/\/goeasyberlin.de\/wp-content\/uploads\/2016\/04\/historia1-300x205.jpg","type":"","width":"","height":""}],"twitter_card":"summary_large_image","twitter_site":"@GoEasyBerlin","twitter_misc":{"Est. reading time":"7 minutes"},"schema":{"@context":"https:\/\/schema.org","@graph":[{"@type":"WebPage","@id":"https:\/\/goeasyberlin.de\/en\/about-berlin\/historia-da-cidade\/","url":"https:\/\/goeasyberlin.de\/en\/about-berlin\/historia-da-cidade\/","name":"Hist\u00f3ria da Cidade | Go Easy Berlin","isPartOf":{"@id":"https:\/\/goeasyberlin.de\/#website"},"primaryImageOfPage":{"@id":"https:\/\/goeasyberlin.de\/en\/about-berlin\/historia-da-cidade\/#primaryimage"},"image":{"@id":"https:\/\/goeasyberlin.de\/en\/about-berlin\/historia-da-cidade\/#primaryimage"},"thumbnailUrl":"http:\/\/goeasyberlin.de\/wp-content\/uploads\/2016\/04\/historia1-300x205.jpg","datePublished":"2016-04-21T18:42:12+00:00","dateModified":"2023-04-15T07:22:46+00:00","description":"Os prim\u00f3rdios Os primeiros registros da cidade datam no s\u00e9culo XIII, quando existiam apenas duas vilas: C\u00f6lln, na atual ilha dos museus, e Berlim, na","breadcrumb":{"@id":"https:\/\/goeasyberlin.de\/en\/about-berlin\/historia-da-cidade\/#breadcrumb"},"inLanguage":"en-US","potentialAction":[{"@type":"ReadAction","target":["https:\/\/goeasyberlin.de\/en\/about-berlin\/historia-da-cidade\/"]}]},{"@type":"ImageObject","inLanguage":"en-US","@id":"https:\/\/goeasyberlin.de\/en\/about-berlin\/historia-da-cidade\/#primaryimage","url":"http:\/\/goeasyberlin.de\/wp-content\/uploads\/2016\/04\/historia1-300x205.jpg","contentUrl":"http:\/\/goeasyberlin.de\/wp-content\/uploads\/2016\/04\/historia1-300x205.jpg"},{"@type":"BreadcrumbList","@id":"https:\/\/goeasyberlin.de\/en\/about-berlin\/historia-da-cidade\/#breadcrumb","itemListElement":[{"@type":"ListItem","position":1,"name":"In\u00edcio","item":"https:\/\/goeasyberlin.de\/en\/homepage\/"},{"@type":"ListItem","position":2,"name":"About Berlin","item":"https:\/\/goeasyberlin.de\/en\/about-berlin\/"},{"@type":"ListItem","position":3,"name":"Hist\u00f3ria da Cidade"}]},{"@type":"WebSite","@id":"https:\/\/goeasyberlin.de\/#website","url":"https:\/\/goeasyberlin.de\/","name":"Go Easy Berlin","description":"Programas de Interc\u00e2mbio &amp; Viagens","publisher":{"@id":"https:\/\/goeasyberlin.de\/#organization"},"potentialAction":[{"@type":"SearchAction","target":{"@type":"EntryPoint","urlTemplate":"https:\/\/goeasyberlin.de\/?s={search_term_string}"},"query-input":{"@type":"PropertyValueSpecification","valueRequired":true,"valueName":"search_term_string"}}],"inLanguage":"en-US"},{"@type":"Organization","@id":"https:\/\/goeasyberlin.de\/#organization","name":"Go Easy Berlin","url":"https:\/\/goeasyberlin.de\/","logo":{"@type":"ImageObject","inLanguage":"en-US","@id":"https:\/\/goeasyberlin.de\/#\/schema\/logo\/image\/","url":"https:\/\/goeasyberlin.de\/wp-content\/uploads\/2016\/04\/GoEasyBerlin_Logo.png","contentUrl":"https:\/\/goeasyberlin.de\/wp-content\/uploads\/2016\/04\/GoEasyBerlin_Logo.png","width":303,"height":303,"caption":"Go Easy Berlin"},"image":{"@id":"https:\/\/goeasyberlin.de\/#\/schema\/logo\/image\/"},"sameAs":["https:\/\/www.facebook.com\/goeasyberlin","https:\/\/x.com\/GoEasyBerlin","https:\/\/www.instagram.com\/goeasyberlin","https:\/\/www.linkedin.com\/company\/go-easy-berlin","https:\/\/www.youtube.com\/channel\/UCn6AUxbc-cE-OQ9HetzTOog"]}]}},"_links":{"self":[{"href":"https:\/\/goeasyberlin.de\/en\/wp-json\/wp\/v2\/pages\/1718","targetHints":{"allow":["GET"]}}],"collection":[{"href":"https:\/\/goeasyberlin.de\/en\/wp-json\/wp\/v2\/pages"}],"about":[{"href":"https:\/\/goeasyberlin.de\/en\/wp-json\/wp\/v2\/types\/page"}],"author":[{"embeddable":true,"href":"https:\/\/goeasyberlin.de\/en\/wp-json\/wp\/v2\/users\/1"}],"replies":[{"embeddable":true,"href":"https:\/\/goeasyberlin.de\/en\/wp-json\/wp\/v2\/comments?post=1718"}],"version-history":[{"count":1,"href":"https:\/\/goeasyberlin.de\/en\/wp-json\/wp\/v2\/pages\/1718\/revisions"}],"predecessor-version":[{"id":9082,"href":"https:\/\/goeasyberlin.de\/en\/wp-json\/wp\/v2\/pages\/1718\/revisions\/9082"}],"up":[{"embeddable":true,"href":"https:\/\/goeasyberlin.de\/en\/wp-json\/wp\/v2\/pages\/1632"}],"wp:attachment":[{"href":"https:\/\/goeasyberlin.de\/en\/wp-json\/wp\/v2\/media?parent=1718"}],"curies":[{"name":"wp","href":"https:\/\/api.w.org\/{rel}","templated":true}]}}