{"id":1668,"date":"2016-05-05T11:17:40","date_gmt":"2016-05-05T14:17:40","guid":{"rendered":"http:\/\/goeasyberlin.de\/en\/information-and-tips\/transporte\/"},"modified":"2016-05-23T16:21:40","modified_gmt":"2016-05-23T19:21:40","slug":"transportation","status":"publish","type":"page","link":"https:\/\/goeasyberlin.de\/en\/information-and-tips\/transportation\/","title":{"rendered":"Transportation"},"content":{"rendered":"<p style=\"text-align: justify;\">O transporte p\u00fablico em Berlim garante acesso em toda a extens\u00e3o da cidade e arredores e \u00e9, sem d\u00favidas, o meio de locomo\u00e7\u00e3o mais utilizado pelos moradores e visitantes. A BVG, empresa que gerencia os trens, metr\u00f4s e \u00f4nibus, oferece uma lista variada com in\u00fameras op\u00e7\u00f5es de bilhetes para seus usu\u00e1rios.<\/p>\n<p style=\"text-align: justify;\"><img loading=\"lazy\" decoding=\"async\" class=\"wp-image-1292 size-medium alignleft\" src=\"http:\/\/goeasyberlin.de\/wp-content\/uploads\/2016\/05\/shutterstock_399041143-1280x853-e1462464180181-300x238.jpg\" alt=\"shutterstock_399041143 (1280x853)\" width=\"300\" height=\"238\" \/><\/p>\n<p style=\"text-align: justify;\">Listamos na tabela ao lado todos os tipos de bilhete ofertados com a descri\u00e7\u00e3o da sua funcionalidade e os pre\u00e7os atualizados. Lembramos que os tickets podem ser utilizados para o metr\u00f4 (U-Bahn), trem (S-Bahn), bondes e \u00f4nibus nas regi\u00f5es de Berlim.<\/p>\n<p style=\"text-align: justify;\">A cidade de Berlim e os seus arredores s\u00e3o organizadas em tr\u00eas zonas tarif\u00e1rias: A, B e C. Voc\u00ea pode comprar bilhetes para as zonas combinadas AB, BC ou ABC, de acordo com as suas necessidades. Adultos pagam tarifa regular, sendo a tarifa reduzida v\u00e1lida apenas para crian\u00e7as de 6 a 14. (Crian\u00e7as menores de 6 anos n\u00e3o precisam bilhetes.)<\/p>\n<p style=\"text-align: justify;\"><strong>Zona A: <\/strong>centro da cidade de Berlim<\/p>\n<p style=\"text-align: justify;\"><strong>Zona B: <\/strong>Regi\u00e3o urbana coberta pelo S-Bahn, inclui o Aeroporto Berlin Tegel (TXL)<\/p>\n<p style=\"text-align: justify;\"><strong>Zona C:<\/strong> Regi\u00e3o perif\u00e9rica de Berlim (aprox. 15 km ao redor da cidade), inclui a cidade de Potsdam e o Aeroporto de Berlin-Sch\u00f6nefeld (SFX) \u2013 Veja as divis\u00f5es das zonas no mapa abaixo.<\/p>\n<p style=\"text-align: justify;\">Em todas esta\u00e7\u00f5es de metr\u00f4 e trem da cidade existem m\u00e1quinas autom\u00e1ticas para a aquisi\u00e7\u00e3o do bilhete, sendo que na grande maioria das vezes n\u00e3o existe o atendimento pessoal. \u00c9 poss\u00edvel adquirir o ticket nos \u00f4nibus junto ao motorista.<\/p>\n<p style=\"text-align: justify;\">Tamb\u00e9m \u00e9 poss\u00edvel utilizar os bilhetes virtuais, que podem ser adquiridos pelo aplicativo gratuito &#8220;FahrInfo Plus&#8221; que oferece esta op\u00e7\u00e3o aos usu\u00e1rios de smartphones Android ou iOS (Apple). Ele permite que voc\u00ea use seu telefone celular como um bilhete, al\u00e9m de obter informa\u00e7\u00f5es sobre as conex\u00f5es ou guardar suas rotas usuais.<\/p>\n<p style=\"text-align: justify;\"><img loading=\"lazy\" decoding=\"async\" class=\"wp-image-1293 size-medium alignright\" src=\"http:\/\/goeasyberlin.de\/wp-content\/uploads\/2016\/05\/shutterstock_399041206-1280x853-300x200.jpg\" alt=\"shutterstock_399041206 (1280x853)\" width=\"300\" height=\"200\" \/>Ap\u00f3s adquirir seu bilhete, n\u00e3o se esque\u00e7a que \u00e9 preciso valid\u00e1-lo em alguma das m\u00e1quinas dispon\u00edveis nas plataformas. Em Berlim n\u00e3o existem catracas ou controle oficial nas plataformas, ou seja, voc\u00ea valida seu ticket e pode utilizar o transporte.<\/p>\n<p style=\"text-align: justify;\">O controle \u00e9 feito de forma espor\u00e1dica, isso \u00e9, agentes da BVG entram aleatoriamente nos trens e \u00f4nibus e pedem para que seus usu\u00e1rios mostrem seus tickets devidamente validados. Caso n\u00e3o esteja de acordo com as regras, o agente ir\u00e1 lhe retirar do transporte e aplicar uma multa.<\/p>\n<p style=\"text-align: justify;\">Os trens e metr\u00f4s, na maior parte das vezes, n\u00e3o abrem suas portas automaticamente, lembre-se de pressionar o bot\u00e3o para a abertura.<\/p>\n<p style=\"text-align: justify;\">O hor\u00e1rio de funcionamento \u00e9 vari\u00e1vel para cada uma das linhas de transporte. Durante a madrugada s\u00e3o disponibilizadas linhas de \u00f4nibus que atendem basicamente a cidade toda, o que garante mobilidade aos moradores durante os dias da semana, isso porque de sexta at\u00e9 domingo, o U-Bahn e S-Bahn funcionam interruptamente.<\/p>\n<p style=\"text-align: justify;\">Os trens amarelos de Berlim s\u00e3o um cart\u00e3o postal da cidade, utilize o transporte p\u00fablico e aproveite sua estadia neste lugar t\u00e3o incr\u00edvel! <strong>Fahren Sie durch Berlin!<\/strong><\/p>\n<p style=\"text-align: justify;\"><em>Fonte: www.bvg.de<\/em><\/p>\n","protected":false},"excerpt":{"rendered":"<p>O transporte p\u00fablico em Berlim garante acesso em toda a extens\u00e3o da cidade e arredores e \u00e9, sem d\u00favidas, o meio de<span class=\"excerpt-hellip\"> [\u2026]<\/span><\/p>\n","protected":false},"author":1,"featured_media":2501,"parent":1638,"menu_order":0,"comment_status":"closed","ping_status":"closed","template":"","meta":{"_exactmetrics_skip_tracking":false,"_exactmetrics_sitenote_active":false,"_exactmetrics_sitenote_note":"","_exactmetrics_sitenote_category":0,"footnotes":"","_links_to":"","_links_to_target":""},"class_list":["post-1668","page","type-page","status-publish","has-post-thumbnail","hentry"],"acf":[],"yoast_head":"<!-- This site is optimized with the Yoast SEO plugin v26.6 - https:\/\/yoast.com\/wordpress\/plugins\/seo\/ -->\n<title>The transport network of Berlin | Go Easy Berlin<\/title>\n<meta name=\"description\" content=\"Berlin is a city extremely well assisted by the public transport system. Read more information and get to know how to use it properly.\" \/>\n<meta name=\"robots\" content=\"index, follow, max-snippet:-1, max-image-preview:large, max-video-preview:-1\" \/>\n<link rel=\"canonical\" href=\"https:\/\/goeasyberlin.de\/en\/information-and-tips\/transportation\/\" \/>\n<meta property=\"og:locale\" content=\"en_US\" \/>\n<meta property=\"og:type\" content=\"article\" \/>\n<meta property=\"og:title\" content=\"The transport network of Berlin | Go Easy Berlin\" \/>\n<meta property=\"og:description\" content=\"Berlin is a city extremely well assisted by the public transport system. Read more information and get to know how to use it properly.\" \/>\n<meta property=\"og:url\" content=\"https:\/\/goeasyberlin.de\/en\/information-and-tips\/transportation\/\" \/>\n<meta property=\"og:site_name\" content=\"Go Easy Berlin\" \/>\n<meta property=\"article:publisher\" content=\"https:\/\/www.facebook.com\/goeasyberlin\" \/>\n<meta property=\"article:modified_time\" content=\"2016-05-23T19:21:40+00:00\" \/>\n<meta property=\"og:image\" content=\"https:\/\/goeasyberlin.de\/wp-content\/uploads\/2016\/05\/shutterstock_11111118-2.jpg\" \/>\n\t<meta property=\"og:image:width\" content=\"1920\" \/>\n\t<meta property=\"og:image:height\" content=\"1008\" \/>\n\t<meta property=\"og:image:type\" content=\"image\/jpeg\" \/>\n<meta name=\"twitter:card\" content=\"summary_large_image\" \/>\n<meta name=\"twitter:site\" content=\"@GoEasyBerlin\" \/>\n<meta name=\"twitter:label1\" content=\"Est. reading time\" \/>\n\t<meta name=\"twitter:data1\" content=\"3 minutes\" \/>\n<script type=\"application\/ld+json\" class=\"yoast-schema-graph\">{\"@context\":\"https:\/\/schema.org\",\"@graph\":[{\"@type\":\"WebPage\",\"@id\":\"https:\/\/goeasyberlin.de\/en\/information-and-tips\/transportation\/\",\"url\":\"https:\/\/goeasyberlin.de\/en\/information-and-tips\/transportation\/\",\"name\":\"The transport network of Berlin | Go Easy Berlin\",\"isPartOf\":{\"@id\":\"https:\/\/goeasyberlin.de\/#website\"},\"primaryImageOfPage\":{\"@id\":\"https:\/\/goeasyberlin.de\/en\/information-and-tips\/transportation\/#primaryimage\"},\"image\":{\"@id\":\"https:\/\/goeasyberlin.de\/en\/information-and-tips\/transportation\/#primaryimage\"},\"thumbnailUrl\":\"https:\/\/goeasyberlin.de\/wp-content\/uploads\/2016\/05\/shutterstock_11111118-2.jpg\",\"datePublished\":\"2016-05-05T14:17:40+00:00\",\"dateModified\":\"2016-05-23T19:21:40+00:00\",\"description\":\"Berlin is a city extremely well assisted by the public transport system. Read more information and get to know how to use it properly.\",\"breadcrumb\":{\"@id\":\"https:\/\/goeasyberlin.de\/en\/information-and-tips\/transportation\/#breadcrumb\"},\"inLanguage\":\"en-US\",\"potentialAction\":[{\"@type\":\"ReadAction\",\"target\":[\"https:\/\/goeasyberlin.de\/en\/information-and-tips\/transportation\/\"]}]},{\"@type\":\"ImageObject\",\"inLanguage\":\"en-US\",\"@id\":\"https:\/\/goeasyberlin.de\/en\/information-and-tips\/transportation\/#primaryimage\",\"url\":\"https:\/\/goeasyberlin.de\/wp-content\/uploads\/2016\/05\/shutterstock_11111118-2.jpg\",\"contentUrl\":\"https:\/\/goeasyberlin.de\/wp-content\/uploads\/2016\/05\/shutterstock_11111118-2.jpg\",\"width\":1920,\"height\":1008},{\"@type\":\"BreadcrumbList\",\"@id\":\"https:\/\/goeasyberlin.de\/en\/information-and-tips\/transportation\/#breadcrumb\",\"itemListElement\":[{\"@type\":\"ListItem\",\"position\":1,\"name\":\"In\u00edcio\",\"item\":\"https:\/\/goeasyberlin.de\/en\/homepage\/\"},{\"@type\":\"ListItem\",\"position\":2,\"name\":\"Information &#038; Tips\",\"item\":\"https:\/\/goeasyberlin.de\/en\/information-and-tips\/\"},{\"@type\":\"ListItem\",\"position\":3,\"name\":\"Transportation\"}]},{\"@type\":\"WebSite\",\"@id\":\"https:\/\/goeasyberlin.de\/#website\",\"url\":\"https:\/\/goeasyberlin.de\/\",\"name\":\"Go Easy Berlin\",\"description\":\"Programas de Interc\u00e2mbio &amp; Viagens\",\"publisher\":{\"@id\":\"https:\/\/goeasyberlin.de\/#organization\"},\"potentialAction\":[{\"@type\":\"SearchAction\",\"target\":{\"@type\":\"EntryPoint\",\"urlTemplate\":\"https:\/\/goeasyberlin.de\/?s={search_term_string}\"},\"query-input\":{\"@type\":\"PropertyValueSpecification\",\"valueRequired\":true,\"valueName\":\"search_term_string\"}}],\"inLanguage\":\"en-US\"},{\"@type\":\"Organization\",\"@id\":\"https:\/\/goeasyberlin.de\/#organization\",\"name\":\"Go Easy Berlin\",\"url\":\"https:\/\/goeasyberlin.de\/\",\"logo\":{\"@type\":\"ImageObject\",\"inLanguage\":\"en-US\",\"@id\":\"https:\/\/goeasyberlin.de\/#\/schema\/logo\/image\/\",\"url\":\"https:\/\/goeasyberlin.de\/wp-content\/uploads\/2016\/04\/GoEasyBerlin_Logo.png\",\"contentUrl\":\"https:\/\/goeasyberlin.de\/wp-content\/uploads\/2016\/04\/GoEasyBerlin_Logo.png\",\"width\":303,\"height\":303,\"caption\":\"Go Easy Berlin\"},\"image\":{\"@id\":\"https:\/\/goeasyberlin.de\/#\/schema\/logo\/image\/\"},\"sameAs\":[\"https:\/\/www.facebook.com\/goeasyberlin\",\"https:\/\/x.com\/GoEasyBerlin\",\"https:\/\/www.instagram.com\/goeasyberlin\",\"https:\/\/www.linkedin.com\/company\/go-easy-berlin\",\"https:\/\/www.youtube.com\/channel\/UCn6AUxbc-cE-OQ9HetzTOog\"]}]}<\/script>\n<!-- \/ Yoast SEO plugin. -->","yoast_head_json":{"title":"The transport network of Berlin | Go Easy Berlin","description":"Berlin is a city extremely well assisted by the public transport system. Read more information and get to know how to use it properly.","robots":{"index":"index","follow":"follow","max-snippet":"max-snippet:-1","max-image-preview":"max-image-preview:large","max-video-preview":"max-video-preview:-1"},"canonical":"https:\/\/goeasyberlin.de\/en\/information-and-tips\/transportation\/","og_locale":"en_US","og_type":"article","og_title":"The transport network of Berlin | Go Easy Berlin","og_description":"Berlin is a city extremely well assisted by the public transport system. Read more information and get to know how to use it properly.","og_url":"https:\/\/goeasyberlin.de\/en\/information-and-tips\/transportation\/","og_site_name":"Go Easy Berlin","article_publisher":"https:\/\/www.facebook.com\/goeasyberlin","article_modified_time":"2016-05-23T19:21:40+00:00","og_image":[{"width":1920,"height":1008,"url":"https:\/\/goeasyberlin.de\/wp-content\/uploads\/2016\/05\/shutterstock_11111118-2.jpg","type":"image\/jpeg"}],"twitter_card":"summary_large_image","twitter_site":"@GoEasyBerlin","twitter_misc":{"Est. reading time":"3 minutes"},"schema":{"@context":"https:\/\/schema.org","@graph":[{"@type":"WebPage","@id":"https:\/\/goeasyberlin.de\/en\/information-and-tips\/transportation\/","url":"https:\/\/goeasyberlin.de\/en\/information-and-tips\/transportation\/","name":"The transport network of Berlin | Go Easy Berlin","isPartOf":{"@id":"https:\/\/goeasyberlin.de\/#website"},"primaryImageOfPage":{"@id":"https:\/\/goeasyberlin.de\/en\/information-and-tips\/transportation\/#primaryimage"},"image":{"@id":"https:\/\/goeasyberlin.de\/en\/information-and-tips\/transportation\/#primaryimage"},"thumbnailUrl":"https:\/\/goeasyberlin.de\/wp-content\/uploads\/2016\/05\/shutterstock_11111118-2.jpg","datePublished":"2016-05-05T14:17:40+00:00","dateModified":"2016-05-23T19:21:40+00:00","description":"Berlin is a city extremely well assisted by the public transport system. Read more information and get to know how to use it properly.","breadcrumb":{"@id":"https:\/\/goeasyberlin.de\/en\/information-and-tips\/transportation\/#breadcrumb"},"inLanguage":"en-US","potentialAction":[{"@type":"ReadAction","target":["https:\/\/goeasyberlin.de\/en\/information-and-tips\/transportation\/"]}]},{"@type":"ImageObject","inLanguage":"en-US","@id":"https:\/\/goeasyberlin.de\/en\/information-and-tips\/transportation\/#primaryimage","url":"https:\/\/goeasyberlin.de\/wp-content\/uploads\/2016\/05\/shutterstock_11111118-2.jpg","contentUrl":"https:\/\/goeasyberlin.de\/wp-content\/uploads\/2016\/05\/shutterstock_11111118-2.jpg","width":1920,"height":1008},{"@type":"BreadcrumbList","@id":"https:\/\/goeasyberlin.de\/en\/information-and-tips\/transportation\/#breadcrumb","itemListElement":[{"@type":"ListItem","position":1,"name":"In\u00edcio","item":"https:\/\/goeasyberlin.de\/en\/homepage\/"},{"@type":"ListItem","position":2,"name":"Information &#038; Tips","item":"https:\/\/goeasyberlin.de\/en\/information-and-tips\/"},{"@type":"ListItem","position":3,"name":"Transportation"}]},{"@type":"WebSite","@id":"https:\/\/goeasyberlin.de\/#website","url":"https:\/\/goeasyberlin.de\/","name":"Go Easy Berlin","description":"Programas de Interc\u00e2mbio &amp; Viagens","publisher":{"@id":"https:\/\/goeasyberlin.de\/#organization"},"potentialAction":[{"@type":"SearchAction","target":{"@type":"EntryPoint","urlTemplate":"https:\/\/goeasyberlin.de\/?s={search_term_string}"},"query-input":{"@type":"PropertyValueSpecification","valueRequired":true,"valueName":"search_term_string"}}],"inLanguage":"en-US"},{"@type":"Organization","@id":"https:\/\/goeasyberlin.de\/#organization","name":"Go Easy Berlin","url":"https:\/\/goeasyberlin.de\/","logo":{"@type":"ImageObject","inLanguage":"en-US","@id":"https:\/\/goeasyberlin.de\/#\/schema\/logo\/image\/","url":"https:\/\/goeasyberlin.de\/wp-content\/uploads\/2016\/04\/GoEasyBerlin_Logo.png","contentUrl":"https:\/\/goeasyberlin.de\/wp-content\/uploads\/2016\/04\/GoEasyBerlin_Logo.png","width":303,"height":303,"caption":"Go Easy Berlin"},"image":{"@id":"https:\/\/goeasyberlin.de\/#\/schema\/logo\/image\/"},"sameAs":["https:\/\/www.facebook.com\/goeasyberlin","https:\/\/x.com\/GoEasyBerlin","https:\/\/www.instagram.com\/goeasyberlin","https:\/\/www.linkedin.com\/company\/go-easy-berlin","https:\/\/www.youtube.com\/channel\/UCn6AUxbc-cE-OQ9HetzTOog"]}]}},"_links":{"self":[{"href":"https:\/\/goeasyberlin.de\/en\/wp-json\/wp\/v2\/pages\/1668","targetHints":{"allow":["GET"]}}],"collection":[{"href":"https:\/\/goeasyberlin.de\/en\/wp-json\/wp\/v2\/pages"}],"about":[{"href":"https:\/\/goeasyberlin.de\/en\/wp-json\/wp\/v2\/types\/page"}],"author":[{"embeddable":true,"href":"https:\/\/goeasyberlin.de\/en\/wp-json\/wp\/v2\/users\/1"}],"replies":[{"embeddable":true,"href":"https:\/\/goeasyberlin.de\/en\/wp-json\/wp\/v2\/comments?post=1668"}],"version-history":[{"count":0,"href":"https:\/\/goeasyberlin.de\/en\/wp-json\/wp\/v2\/pages\/1668\/revisions"}],"up":[{"embeddable":true,"href":"https:\/\/goeasyberlin.de\/en\/wp-json\/wp\/v2\/pages\/1638"}],"wp:featuredmedia":[{"embeddable":true,"href":"https:\/\/goeasyberlin.de\/en\/wp-json\/wp\/v2\/media\/2501"}],"wp:attachment":[{"href":"https:\/\/goeasyberlin.de\/en\/wp-json\/wp\/v2\/media?parent=1668"}],"curies":[{"name":"wp","href":"https:\/\/api.w.org\/{rel}","templated":true}]}}